{"id":10250,"date":"2026-04-23T02:00:10","date_gmt":"2026-04-23T02:00:10","guid":{"rendered":""},"modified":"2026-04-23T02:00:10","modified_gmt":"2026-04-23T02:00:10","slug":"ilve-am76-majestic-seinale-paigaldatav-ohupuhasti","status":"publish","type":"product","link":"https:\/\/luxtehnikashop.ee\/et\/p\/ilve-am76-majestic-seinale-paigaldatav-ohupuhasti\/","title":{"rendered":"ILVE AM76 MAJESTIC Seinale Paigaldatav \u00d5hupuhasti"},"content":{"rendered":"","protected":false},"excerpt":{"rendered":"<p>Seinale Kinnitatav \u00f5hupuhasti<br \/>Sari:\u00a0MAJESTIC<br \/>Laius:\u00a0 760 mm<br \/>Tootlikus (m3\/tund) max.:\u00a0890<br \/>4 kiirust<br \/>V\u00f5imalus kasutada v\u00e4ljat\u00f5mbere\u017eiimil v\u00f5i \u00f5huringluse re\u017eiimil<br \/>M\u00fcratase vastavalt\u00a0\u00a0<span>( 47 \/56 \/ 64 \/ 74 )<\/span><span>\u00a0dB\u00a0<\/span><br \/>Viimistlus: St.Steel, White, Matt, Ant.White, Burgundy, Green, Blue<\/p>\n","protected":false},"featured_media":10259,"template":"","meta":[],"product_cat":[77,320],"product_tag":[],"_links":{"self":[{"href":"https:\/\/luxtehnikashop.ee\/et\/wp-json\/wp\/v2\/product\/10250"}],"collection":[{"href":"https:\/\/luxtehnikashop.ee\/et\/wp-json\/wp\/v2\/product"}],"about":[{"href":"https:\/\/luxtehnikashop.ee\/et\/wp-json\/wp\/v2\/types\/product"}],"wp:featuredmedia":[{"embeddable":true,"href":"https:\/\/luxtehnikashop.ee\/et\/wp-json\/wp\/v2\/media\/10259"}],"wp:attachment":[{"href":"https:\/\/luxtehnikashop.ee\/et\/wp-json\/wp\/v2\/media?parent=10250"}],"wp:term":[{"taxonomy":"product_cat","embeddable":true,"href":"https:\/\/luxtehnikashop.ee\/et\/wp-json\/wp\/v2\/product_cat?post=10250"},{"taxonomy":"product_tag","embeddable":true,"href":"https:\/\/luxtehnikashop.ee\/et\/wp-json\/wp\/v2\/product_tag?post=10250"}],"curies":[{"name":"wp","href":"https:\/\/api.w.org\/{rel}","templated":true}]}}