{"id":10553,"date":"2026-04-30T02:00:10","date_gmt":"2026-04-30T02:00:10","guid":{"rendered":""},"modified":"2026-04-30T02:00:10","modified_gmt":"2026-04-30T02:00:10","slug":"artinox-layer-brp-74-70-tasapinnaline-rst-koogivalamu","status":"publish","type":"product","link":"https:\/\/luxtehnikashop.ee\/et\/p\/artinox-layer-brp-74-70-tasapinnaline-rst-koogivalamu\/","title":{"rendered":"ARTINOX LAYER BRP 74(70) Tasapinnaline RST K\u00f6\u00f6givalamu"},"content":{"rendered":"","protected":false},"excerpt":{"rendered":"<p><span style=\"font-family:arial, helvetica, sans-serif;font-size:10pt;\"><span style=\"font-family:arial, helvetica, sans-serif;\"><span style=\"font-size:13.3333px;\">Tasapinnaline RST K\u00f6\u00f6givalamu<\/span><\/span><br \/><span style=\"font-family:arial, helvetica, sans-serif;\"><span style=\"font-size:13.3333px;\">Artinox Layeri sarja valamutel on ainulaadne kaheastmeline s\u00fcsteem, <br \/>nii et saate t\u00f6\u00f6tada kahel tasandil. <br \/>T\u00f5eline ruumis\u00e4\u00e4stja<\/span><\/span><br \/><span style=\"font-family:arial, helvetica, sans-serif;\"><span style=\"font-size:10pt;\">Aluskapp: 80cm<\/span><\/span><\/span><br \/><span style=\"font-family:arial, helvetica, sans-serif;font-size:10pt;\">Valamu m\u00f5\u00f5dud: 780x510x200mm<\/span><br \/><span style=\"font-family:arial, helvetica, sans-serif;font-size:10pt;\">Kausi m\u00f5\u00f5dud: 660X350X200mm<\/span><br \/><span style=\"font-family:arial, helvetica, sans-serif;font-size:10pt;\">Kausi s\u00fcgavus: 200mm<\/span><br \/><span style=\"font-family:arial, helvetica, sans-serif;font-size:10pt;\">Paksus 1mm<\/span><\/p>\n","protected":false},"featured_media":10555,"template":"","meta":[],"product_cat":[62,133],"product_tag":[],"_links":{"self":[{"href":"https:\/\/luxtehnikashop.ee\/et\/wp-json\/wp\/v2\/product\/10553"}],"collection":[{"href":"https:\/\/luxtehnikashop.ee\/et\/wp-json\/wp\/v2\/product"}],"about":[{"href":"https:\/\/luxtehnikashop.ee\/et\/wp-json\/wp\/v2\/types\/product"}],"wp:featuredmedia":[{"embeddable":true,"href":"https:\/\/luxtehnikashop.ee\/et\/wp-json\/wp\/v2\/media\/10555"}],"wp:attachment":[{"href":"https:\/\/luxtehnikashop.ee\/et\/wp-json\/wp\/v2\/media?parent=10553"}],"wp:term":[{"taxonomy":"product_cat","embeddable":true,"href":"https:\/\/luxtehnikashop.ee\/et\/wp-json\/wp\/v2\/product_cat?post=10553"},{"taxonomy":"product_tag","embeddable":true,"href":"https:\/\/luxtehnikashop.ee\/et\/wp-json\/wp\/v2\/product_tag?post=10553"}],"curies":[{"name":"wp","href":"https:\/\/api.w.org\/{rel}","templated":true}]}}