{"id":11570,"date":"2026-04-21T02:00:14","date_gmt":"2026-04-21T02:00:14","guid":{"rendered":""},"modified":"2026-04-21T02:00:14","modified_gmt":"2026-04-21T02:00:14","slug":"wesco-double-master-maxi-40-jaatmekaitlussusteem","status":"publish","type":"product","link":"https:\/\/luxtehnikashop.ee\/et\/p\/wesco-double-master-maxi-40-jaatmekaitlussusteem\/","title":{"rendered":"WESCO DOUBLE-MASTER Maxi 40 Jaatmek\u00e4itluss\u00fcsteem"},"content":{"rendered":"","protected":false},"excerpt":{"rendered":"<p>Jaatmek\u00e4itluss\u00fcsteem,<br \/>Ukset\u00fc\u00fcp: P\u00f6\u00f6rduksega avatav,<br \/>Kapile laiusega min.: 40sm,<br \/>Korgus: 385mm,<br \/>Lihtne avada, peale kapi ukse avamist k\u00e4sitsi sorteri v\u00e4ljat\u00f5mbamine,<br \/>Sulgemisel pidurdub ukse liikumine enne sulgumist.,<br \/>Sujuvalt sulguv,( Kanderaam liigub siinidel vaikselt ja sujuvalt. ),<br \/>Monteeritakse aluskapi p\u00f5hjale<\/p>\n","protected":false},"featured_media":11571,"template":"","meta":[],"product_cat":[432,499],"product_tag":[],"_links":{"self":[{"href":"https:\/\/luxtehnikashop.ee\/et\/wp-json\/wp\/v2\/product\/11570"}],"collection":[{"href":"https:\/\/luxtehnikashop.ee\/et\/wp-json\/wp\/v2\/product"}],"about":[{"href":"https:\/\/luxtehnikashop.ee\/et\/wp-json\/wp\/v2\/types\/product"}],"wp:featuredmedia":[{"embeddable":true,"href":"https:\/\/luxtehnikashop.ee\/et\/wp-json\/wp\/v2\/media\/11571"}],"wp:attachment":[{"href":"https:\/\/luxtehnikashop.ee\/et\/wp-json\/wp\/v2\/media?parent=11570"}],"wp:term":[{"taxonomy":"product_cat","embeddable":true,"href":"https:\/\/luxtehnikashop.ee\/et\/wp-json\/wp\/v2\/product_cat?post=11570"},{"taxonomy":"product_tag","embeddable":true,"href":"https:\/\/luxtehnikashop.ee\/et\/wp-json\/wp\/v2\/product_tag?post=11570"}],"curies":[{"name":"wp","href":"https:\/\/api.w.org\/{rel}","templated":true}]}}