{"id":12459,"date":"2026-04-22T02:00:14","date_gmt":"2026-04-22T02:00:14","guid":{"rendered":""},"modified":"2026-04-22T02:00:14","modified_gmt":"2026-04-22T02:00:14","slug":"teka-square-400-400-rst-kivipinnale-alt-monteeritav-koogivalamu","status":"publish","type":"product","link":"https:\/\/luxtehnikashop.ee\/et\/p\/teka-square-400-400-rst-kivipinnale-alt-monteeritav-koogivalamu\/","title":{"rendered":"TEKA SQUARE 400\/400 RST kivipinnale Alt monteeritav K\u00f6\u00f6givalamu"},"content":{"rendered":"","protected":false},"excerpt":{"rendered":"<p>K\u00f6\u00f6givalamu, <br \/>Kivipinnale altpoolt monteeritav, <br \/>Roostevaba teras, <br \/><span style=\"font-size:13px;\">Aluskapp: 50cm, <br \/><\/span><span style=\"font-size:13px;\">Valamu m\u00f5\u00f5dud: 430x430mm, <br \/><\/span><span style=\"font-size:13px;\">Kausi m\u00f5\u00f5dud: 400X400X180mm, <br \/><\/span>R-00mm, <br \/><span style=\"font-size:13px;\">Kausi s\u00fcgavus: 180mm<\/span><\/p>\n","protected":false},"featured_media":12461,"template":"","meta":[],"product_cat":[62,133],"product_tag":[],"_links":{"self":[{"href":"https:\/\/luxtehnikashop.ee\/et\/wp-json\/wp\/v2\/product\/12459"}],"collection":[{"href":"https:\/\/luxtehnikashop.ee\/et\/wp-json\/wp\/v2\/product"}],"about":[{"href":"https:\/\/luxtehnikashop.ee\/et\/wp-json\/wp\/v2\/types\/product"}],"wp:featuredmedia":[{"embeddable":true,"href":"https:\/\/luxtehnikashop.ee\/et\/wp-json\/wp\/v2\/media\/12461"}],"wp:attachment":[{"href":"https:\/\/luxtehnikashop.ee\/et\/wp-json\/wp\/v2\/media?parent=12459"}],"wp:term":[{"taxonomy":"product_cat","embeddable":true,"href":"https:\/\/luxtehnikashop.ee\/et\/wp-json\/wp\/v2\/product_cat?post=12459"},{"taxonomy":"product_tag","embeddable":true,"href":"https:\/\/luxtehnikashop.ee\/et\/wp-json\/wp\/v2\/product_tag?post=12459"}],"curies":[{"name":"wp","href":"https:\/\/api.w.org\/{rel}","templated":true}]}}