{"id":13165,"date":"2026-04-24T02:00:18","date_gmt":"2026-04-24T02:00:18","guid":{"rendered":""},"modified":"2026-04-24T02:00:18","modified_gmt":"2026-04-24T02:00:18","slug":"blanco-solon-tootasapinda-monteeritav-sorter-512471","status":"publish","type":"product","link":"https:\/\/luxtehnikashop.ee\/et\/p\/blanco-solon-tootasapinda-monteeritav-sorter-512471\/","title":{"rendered":"BLANCO SOLON T\u00f6\u00f6tasapinda monteeritav sorter, 512471"},"content":{"rendered":"","protected":false},"excerpt":{"rendered":"<p>J\u00e4\u00e4tmek\u00e4itlus s\u00fcsteem<br \/>BLANCO SOLON konteiner j\u00e4\u00e4tmetele<br \/>Integreeritud t\u00e4islahendus t\u00f6\u00f6tasapinda<br \/>BLANCO SOLON pakub k\u00f5ige otsese meetodi orgaanilisi j\u00e4\u00e4tmete kogumiseks.<\/p>\n","protected":false},"featured_media":13166,"template":"","meta":[],"product_cat":[432,499],"product_tag":[],"_links":{"self":[{"href":"https:\/\/luxtehnikashop.ee\/et\/wp-json\/wp\/v2\/product\/13165"}],"collection":[{"href":"https:\/\/luxtehnikashop.ee\/et\/wp-json\/wp\/v2\/product"}],"about":[{"href":"https:\/\/luxtehnikashop.ee\/et\/wp-json\/wp\/v2\/types\/product"}],"wp:featuredmedia":[{"embeddable":true,"href":"https:\/\/luxtehnikashop.ee\/et\/wp-json\/wp\/v2\/media\/13166"}],"wp:attachment":[{"href":"https:\/\/luxtehnikashop.ee\/et\/wp-json\/wp\/v2\/media?parent=13165"}],"wp:term":[{"taxonomy":"product_cat","embeddable":true,"href":"https:\/\/luxtehnikashop.ee\/et\/wp-json\/wp\/v2\/product_cat?post=13165"},{"taxonomy":"product_tag","embeddable":true,"href":"https:\/\/luxtehnikashop.ee\/et\/wp-json\/wp\/v2\/product_tag?post=13165"}],"curies":[{"name":"wp","href":"https:\/\/api.w.org\/{rel}","templated":true}]}}