{"id":13179,"date":"2026-04-22T02:00:15","date_gmt":"2026-04-22T02:00:15","guid":{"rendered":""},"modified":"2026-04-22T02:00:15","modified_gmt":"2026-04-22T02:00:15","slug":"villeroy-boch-butler-90cm-double-bowl-keraamiline-koogivalamu","status":"publish","type":"product","link":"https:\/\/luxtehnikashop.ee\/et\/p\/villeroy-boch-butler-90cm-double-bowl-keraamiline-koogivalamu\/","title":{"rendered":"Villeroy&#038;Boch BUTLER 90cm Double Bowl Keraamiline K\u00f6\u00f6givalamu"},"content":{"rendered":"","protected":false},"excerpt":{"rendered":"<p>Keraamiline\u00a0K\u00f6\u00f6givalamu, <br \/>art.6323, <br \/>Klassikaline Botler seeria valamu on ajatult atraktiivne element Teie k\u00f6\u00f6ki ja see vastab t\u00e4nap\u00e4eva n\u00f5uetele t\u00e4ielikult KAPILE PAIGALDATAV moodulvalamu, <br \/>Aluskapp: 90cm, <br \/>Valamu m\u00f5\u00f5dud: 895x630x220cmmm<\/p>\n","protected":false},"featured_media":13181,"template":"","meta":[],"product_cat":[62,434],"product_tag":[],"_links":{"self":[{"href":"https:\/\/luxtehnikashop.ee\/et\/wp-json\/wp\/v2\/product\/13179"}],"collection":[{"href":"https:\/\/luxtehnikashop.ee\/et\/wp-json\/wp\/v2\/product"}],"about":[{"href":"https:\/\/luxtehnikashop.ee\/et\/wp-json\/wp\/v2\/types\/product"}],"wp:featuredmedia":[{"embeddable":true,"href":"https:\/\/luxtehnikashop.ee\/et\/wp-json\/wp\/v2\/media\/13181"}],"wp:attachment":[{"href":"https:\/\/luxtehnikashop.ee\/et\/wp-json\/wp\/v2\/media?parent=13179"}],"wp:term":[{"taxonomy":"product_cat","embeddable":true,"href":"https:\/\/luxtehnikashop.ee\/et\/wp-json\/wp\/v2\/product_cat?post=13179"},{"taxonomy":"product_tag","embeddable":true,"href":"https:\/\/luxtehnikashop.ee\/et\/wp-json\/wp\/v2\/product_tag?post=13179"}],"curies":[{"name":"wp","href":"https:\/\/api.w.org\/{rel}","templated":true}]}}