{"id":13184,"date":"2026-04-23T02:00:17","date_gmt":"2026-04-23T02:00:17","guid":{"rendered":""},"modified":"2026-04-23T02:00:17","modified_gmt":"2026-04-23T02:00:17","slug":"villeroy-boch-cisterna-60b-keramiline-koogivalamu","status":"publish","type":"product","link":"https:\/\/luxtehnikashop.ee\/et\/p\/villeroy-boch-cisterna-60b-keramiline-koogivalamu\/","title":{"rendered":"Villeroy&#038;Boch CISTERNA 60B Keramiline K\u00f6\u00f6givalamu"},"content":{"rendered":"","protected":false},"excerpt":{"rendered":"<p>Keramiline K\u00f6\u00f6givalamu, <br \/>art.6702, <br \/>Kivipinnale altpoolt paigaldatav, <br \/>KERAAMIKA- antibakteriaal kaitsega CleanPlus- vastupidav ja lihtsalt hooldatav, <br \/>Aluskapp: Nurgakapile 90x90cm, Sirget\u00f6\u00f6pinnale 60cm, <br \/>Valamu m\u00f5\u00f5dud: 545X440mm, <br \/>Kausi m\u00f5\u00f5dud:\u00a0\u00a0343x390x185+136x272x130mm\u00a0<\/p>\n","protected":false},"featured_media":13186,"template":"","meta":[],"product_cat":[62,434],"product_tag":[],"_links":{"self":[{"href":"https:\/\/luxtehnikashop.ee\/et\/wp-json\/wp\/v2\/product\/13184"}],"collection":[{"href":"https:\/\/luxtehnikashop.ee\/et\/wp-json\/wp\/v2\/product"}],"about":[{"href":"https:\/\/luxtehnikashop.ee\/et\/wp-json\/wp\/v2\/types\/product"}],"wp:featuredmedia":[{"embeddable":true,"href":"https:\/\/luxtehnikashop.ee\/et\/wp-json\/wp\/v2\/media\/13186"}],"wp:attachment":[{"href":"https:\/\/luxtehnikashop.ee\/et\/wp-json\/wp\/v2\/media?parent=13184"}],"wp:term":[{"taxonomy":"product_cat","embeddable":true,"href":"https:\/\/luxtehnikashop.ee\/et\/wp-json\/wp\/v2\/product_cat?post=13184"},{"taxonomy":"product_tag","embeddable":true,"href":"https:\/\/luxtehnikashop.ee\/et\/wp-json\/wp\/v2\/product_tag?post=13184"}],"curies":[{"name":"wp","href":"https:\/\/api.w.org\/{rel}","templated":true}]}}