{"id":13591,"date":"2026-04-26T02:00:17","date_gmt":"2026-04-26T02:00:17","guid":{"rendered":""},"modified":"2026-04-26T02:00:17","modified_gmt":"2026-04-26T02:00:17","slug":"barazza-58-5x40-double-square-bowl-r-15-koogivalamu","status":"publish","type":"product","link":"https:\/\/luxtehnikashop.ee\/et\/p\/barazza-58-5x40-double-square-bowl-r-15-koogivalamu\/","title":{"rendered":"BARAZZA 58,5&#215;40 DOUBLE SQUARE BOWL R.15 K\u00f6\u00f6givalamu"},"content":{"rendered":"","protected":false},"excerpt":{"rendered":"<p>K\u00f6\u00f6givalamu,<br \/>Kivipinnale altpoolt monteeritav \/ Tasapinnaline<br \/>Valamu m\u00f5\u00f5dud: 585x440mm,<br \/>Kauss:\u00a0<span>340x400x195+180x340x140\u043c\u043c<\/span><br \/>Aluskapp: 60cm,<br \/>R-15mm,<br \/>Pleki paksus 1mm<\/p>\n","protected":false},"featured_media":13594,"template":"","meta":[],"product_cat":[62,133],"product_tag":[],"_links":{"self":[{"href":"https:\/\/luxtehnikashop.ee\/et\/wp-json\/wp\/v2\/product\/13591"}],"collection":[{"href":"https:\/\/luxtehnikashop.ee\/et\/wp-json\/wp\/v2\/product"}],"about":[{"href":"https:\/\/luxtehnikashop.ee\/et\/wp-json\/wp\/v2\/types\/product"}],"wp:featuredmedia":[{"embeddable":true,"href":"https:\/\/luxtehnikashop.ee\/et\/wp-json\/wp\/v2\/media\/13594"}],"wp:attachment":[{"href":"https:\/\/luxtehnikashop.ee\/et\/wp-json\/wp\/v2\/media?parent=13591"}],"wp:term":[{"taxonomy":"product_cat","embeddable":true,"href":"https:\/\/luxtehnikashop.ee\/et\/wp-json\/wp\/v2\/product_cat?post=13591"},{"taxonomy":"product_tag","embeddable":true,"href":"https:\/\/luxtehnikashop.ee\/et\/wp-json\/wp\/v2\/product_tag?post=13591"}],"curies":[{"name":"wp","href":"https:\/\/api.w.org\/{rel}","templated":true}]}}