{"id":14724,"date":"2026-04-22T02:00:18","date_gmt":"2026-04-22T02:00:18","guid":{"rendered":""},"modified":"2026-04-22T02:00:18","modified_gmt":"2026-04-22T02:00:18","slug":"naidis-kuppersbusch-cbm-6550-0-g-premium-integreeritav-kompaktahi-mikrolaineahju-funktsioonidega","status":"publish","type":"product","link":"https:\/\/luxtehnikashop.ee\/et\/p\/naidis-kuppersbusch-cbm-6550-0-g-premium-integreeritav-kompaktahi-mikrolaineahju-funktsioonidega\/","title":{"rendered":"NAIDIS! KUPPERSBUSCH CBM 6550.0 G Premium+ integreeritav kompaktahi mikrolaineahju funktsioonidega"},"content":{"rendered":"","protected":false},"excerpt":{"rendered":"<p>Integreeritav kompaktahi koos mikrolaineahju funktsioonidega\u00a0,<br \/>H-45cm,<br \/>Uue p\u00f5lvkonna innoWave mikrolaineahjudel on nelinurksed p\u00f5hjad, kus alumise plaadi asemel p\u00f6\u00f6rleb hoopis mikrolaineid tekitav antenn. InnoWave tehnoloogia soojendab toitu \u00f5rnemalt ja \u00fchtlasemalt.<br \/>V\u00f5rreldes meie vanade mikrolaineahjudega kulutab see 30% v\u00e4hem aega ja energiat.<\/p>\n","protected":false},"featured_media":14727,"template":"","meta":[],"product_cat":[314],"product_tag":[],"_links":{"self":[{"href":"https:\/\/luxtehnikashop.ee\/et\/wp-json\/wp\/v2\/product\/14724"}],"collection":[{"href":"https:\/\/luxtehnikashop.ee\/et\/wp-json\/wp\/v2\/product"}],"about":[{"href":"https:\/\/luxtehnikashop.ee\/et\/wp-json\/wp\/v2\/types\/product"}],"wp:featuredmedia":[{"embeddable":true,"href":"https:\/\/luxtehnikashop.ee\/et\/wp-json\/wp\/v2\/media\/14727"}],"wp:attachment":[{"href":"https:\/\/luxtehnikashop.ee\/et\/wp-json\/wp\/v2\/media?parent=14724"}],"wp:term":[{"taxonomy":"product_cat","embeddable":true,"href":"https:\/\/luxtehnikashop.ee\/et\/wp-json\/wp\/v2\/product_cat?post=14724"},{"taxonomy":"product_tag","embeddable":true,"href":"https:\/\/luxtehnikashop.ee\/et\/wp-json\/wp\/v2\/product_tag?post=14724"}],"curies":[{"name":"wp","href":"https:\/\/api.w.org\/{rel}","templated":true}]}}