{"id":16304,"date":"2026-04-21T02:00:23","date_gmt":"2026-04-21T02:00:23","guid":{"rendered":""},"modified":"2026-04-21T02:00:23","modified_gmt":"2026-04-21T02:00:23","slug":"barazza-unique-two-must-matt-koogisegisti","status":"publish","type":"product","link":"https:\/\/luxtehnikashop.ee\/et\/p\/barazza-unique-two-must-matt-koogisegisti\/","title":{"rendered":"BARAZZA UNIQUE TWO Must Matt K\u00f6\u00f6gisegisti"},"content":{"rendered":"","protected":false},"excerpt":{"rendered":"<p>K\u00f6\u00f6gisegisti,<br \/>Kaasaegne disain,<br \/>\u00dche p\u00f6\u00f6rleva k\u00e4epideme hoovaga segisti<br \/>Black &#8211; Must Matt<\/p>\n","protected":false},"featured_media":16306,"template":"","meta":[],"product_cat":[275],"product_tag":[],"_links":{"self":[{"href":"https:\/\/luxtehnikashop.ee\/et\/wp-json\/wp\/v2\/product\/16304"}],"collection":[{"href":"https:\/\/luxtehnikashop.ee\/et\/wp-json\/wp\/v2\/product"}],"about":[{"href":"https:\/\/luxtehnikashop.ee\/et\/wp-json\/wp\/v2\/types\/product"}],"wp:featuredmedia":[{"embeddable":true,"href":"https:\/\/luxtehnikashop.ee\/et\/wp-json\/wp\/v2\/media\/16306"}],"wp:attachment":[{"href":"https:\/\/luxtehnikashop.ee\/et\/wp-json\/wp\/v2\/media?parent=16304"}],"wp:term":[{"taxonomy":"product_cat","embeddable":true,"href":"https:\/\/luxtehnikashop.ee\/et\/wp-json\/wp\/v2\/product_cat?post=16304"},{"taxonomy":"product_tag","embeddable":true,"href":"https:\/\/luxtehnikashop.ee\/et\/wp-json\/wp\/v2\/product_tag?post=16304"}],"curies":[{"name":"wp","href":"https:\/\/api.w.org\/{rel}","templated":true}]}}