{"id":16335,"date":"2026-04-23T02:00:23","date_gmt":"2026-04-23T02:00:23","guid":{"rendered":""},"modified":"2026-04-23T02:00:23","modified_gmt":"2026-04-23T02:00:23","slug":"barazza-steel-koogisegisti","status":"publish","type":"product","link":"https:\/\/luxtehnikashop.ee\/et\/p\/barazza-steel-koogisegisti\/","title":{"rendered":"BARAZZA STEEL Koogisegisti"},"content":{"rendered":"","protected":false},"excerpt":{"rendered":"<p><span>K\u00f6\u00f6gisegisti,<\/span><br \/><span>Kaasaegne disain,<\/span><br \/><span><span>\u00dche p\u00f6\u00f6rleva k\u00e4epideme hoovaga segisti,<br \/><\/span><\/span>Pinnat\u00f6\u00f6tlus:\u00a0Inox<\/p>\n","protected":false},"featured_media":16337,"template":"","meta":[],"product_cat":[275],"product_tag":[],"_links":{"self":[{"href":"https:\/\/luxtehnikashop.ee\/et\/wp-json\/wp\/v2\/product\/16335"}],"collection":[{"href":"https:\/\/luxtehnikashop.ee\/et\/wp-json\/wp\/v2\/product"}],"about":[{"href":"https:\/\/luxtehnikashop.ee\/et\/wp-json\/wp\/v2\/types\/product"}],"wp:featuredmedia":[{"embeddable":true,"href":"https:\/\/luxtehnikashop.ee\/et\/wp-json\/wp\/v2\/media\/16337"}],"wp:attachment":[{"href":"https:\/\/luxtehnikashop.ee\/et\/wp-json\/wp\/v2\/media?parent=16335"}],"wp:term":[{"taxonomy":"product_cat","embeddable":true,"href":"https:\/\/luxtehnikashop.ee\/et\/wp-json\/wp\/v2\/product_cat?post=16335"},{"taxonomy":"product_tag","embeddable":true,"href":"https:\/\/luxtehnikashop.ee\/et\/wp-json\/wp\/v2\/product_tag?post=16335"}],"curies":[{"name":"wp","href":"https:\/\/api.w.org\/{rel}","templated":true}]}}