{"id":16343,"date":"2026-04-21T02:00:24","date_gmt":"2026-04-21T02:00:24","guid":{"rendered":""},"modified":"2026-04-21T02:00:24","modified_gmt":"2026-04-21T02:00:24","slug":"barazza-1llb60-lab-koogivalamu-kaanega","status":"publish","type":"product","link":"https:\/\/luxtehnikashop.ee\/et\/p\/barazza-1llb60-lab-koogivalamu-kaanega\/","title":{"rendered":"BARAZZA 1LLB60 LAB K\u00f6\u00f6givalamu Kaanega"},"content":{"rendered":"","protected":false},"excerpt":{"rendered":"<p>K\u00f6\u00f6givalamu,<br \/>Tasapinnaline<br \/>Valamuga Komplektis:\u00a0<br \/>&#8211; RST Kaan<br \/>&#8211; Teleskopik segisti 1RUBMBFA<br \/>Valamu m\u00f5\u00f5dud: 570x510mm,<br \/>Kauss: 540x340x245mm<br \/>Aluskapp: 60cm,<br \/>R-0mm,<br \/>Pleki paksus 1mm<\/p>\n","protected":false},"featured_media":16345,"template":"","meta":[],"product_cat":[62,133],"product_tag":[],"_links":{"self":[{"href":"https:\/\/luxtehnikashop.ee\/et\/wp-json\/wp\/v2\/product\/16343"}],"collection":[{"href":"https:\/\/luxtehnikashop.ee\/et\/wp-json\/wp\/v2\/product"}],"about":[{"href":"https:\/\/luxtehnikashop.ee\/et\/wp-json\/wp\/v2\/types\/product"}],"wp:featuredmedia":[{"embeddable":true,"href":"https:\/\/luxtehnikashop.ee\/et\/wp-json\/wp\/v2\/media\/16345"}],"wp:attachment":[{"href":"https:\/\/luxtehnikashop.ee\/et\/wp-json\/wp\/v2\/media?parent=16343"}],"wp:term":[{"taxonomy":"product_cat","embeddable":true,"href":"https:\/\/luxtehnikashop.ee\/et\/wp-json\/wp\/v2\/product_cat?post=16343"},{"taxonomy":"product_tag","embeddable":true,"href":"https:\/\/luxtehnikashop.ee\/et\/wp-json\/wp\/v2\/product_tag?post=16343"}],"curies":[{"name":"wp","href":"https:\/\/api.w.org\/{rel}","templated":true}]}}