{"id":17405,"date":"2026-05-02T02:00:28","date_gmt":"2026-05-02T02:00:28","guid":{"rendered":""},"modified":"2026-05-02T02:00:28","modified_gmt":"2026-05-02T02:00:28","slug":"blanco-sity-box-norutusrest-colander","status":"publish","type":"product","link":"https:\/\/luxtehnikashop.ee\/et\/p\/blanco-sity-box-norutusrest-colander\/","title":{"rendered":"BLANCO Sity Box N\u00f5rutusrest, Colander"},"content":{"rendered":"","protected":false},"excerpt":{"rendered":"<p>Puuviljakauss,<br \/>Pakume mitmesuguseid tarvikuid, mis muudavad valamu universaalseks pesukeskuseks ja muudavad teie t\u00f6\u00f6 k\u00f6\u00f6gis lihtsaks ja nauditavaks.<br \/>Puuviljakauss\u00a0on praktiline lisatarvik erinevate toiduainete v\u00f5i konteinerite loputamiseks. Kausi p\u00f5hjas olevast avast voolab vesi otse valamusse. Kolandrisse on kerge koguda m\u00e4\u00e4rdunud noad, kahvlid jms.<br \/>Valamule:\u00a0Sity<br \/>Plastik<br \/><span>130x285x70<\/span>mm<\/p><\/p>\n","protected":false},"featured_media":17410,"template":"","meta":[],"product_cat":[327,328,890],"product_tag":[],"_links":{"self":[{"href":"https:\/\/luxtehnikashop.ee\/et\/wp-json\/wp\/v2\/product\/17405"}],"collection":[{"href":"https:\/\/luxtehnikashop.ee\/et\/wp-json\/wp\/v2\/product"}],"about":[{"href":"https:\/\/luxtehnikashop.ee\/et\/wp-json\/wp\/v2\/types\/product"}],"wp:featuredmedia":[{"embeddable":true,"href":"https:\/\/luxtehnikashop.ee\/et\/wp-json\/wp\/v2\/media\/17410"}],"wp:attachment":[{"href":"https:\/\/luxtehnikashop.ee\/et\/wp-json\/wp\/v2\/media?parent=17405"}],"wp:term":[{"taxonomy":"product_cat","embeddable":true,"href":"https:\/\/luxtehnikashop.ee\/et\/wp-json\/wp\/v2\/product_cat?post=17405"},{"taxonomy":"product_tag","embeddable":true,"href":"https:\/\/luxtehnikashop.ee\/et\/wp-json\/wp\/v2\/product_tag?post=17405"}],"curies":[{"name":"wp","href":"https:\/\/api.w.org\/{rel}","templated":true}]}}