{"id":17597,"date":"2026-04-21T02:00:26","date_gmt":"2026-04-21T02:00:26","guid":{"rendered":""},"modified":"2026-04-21T02:00:26","modified_gmt":"2026-04-21T02:00:26","slug":"barazza-71x40-square-bowl-r-15-vintage-koogivalamu","status":"publish","type":"product","link":"https:\/\/luxtehnikashop.ee\/et\/p\/barazza-71x40-square-bowl-r-15-vintage-koogivalamu\/","title":{"rendered":"BARAZZA 71X40 SQUARE BOWL R.15 VINTAGE K\u00f6\u00f6givalamu"},"content":{"rendered":"","protected":false},"excerpt":{"rendered":"<p>K\u00f6\u00f6givalamu,<br \/>VINTAGE<br \/>Kivipinnale altpoolt monteeritav \/ Tasapinnaline<br \/>Valamu m\u00f5\u00f5dud: 750x440mm,<br \/>Kauss: 710x400mm<br \/>Aluskapp: 80cm,<br \/>R-15mm,<br \/>Pleki paksus 1mm<\/p>\n","protected":false},"featured_media":17600,"template":"","meta":[],"product_cat":[62,133],"product_tag":[],"_links":{"self":[{"href":"https:\/\/luxtehnikashop.ee\/et\/wp-json\/wp\/v2\/product\/17597"}],"collection":[{"href":"https:\/\/luxtehnikashop.ee\/et\/wp-json\/wp\/v2\/product"}],"about":[{"href":"https:\/\/luxtehnikashop.ee\/et\/wp-json\/wp\/v2\/types\/product"}],"wp:featuredmedia":[{"embeddable":true,"href":"https:\/\/luxtehnikashop.ee\/et\/wp-json\/wp\/v2\/media\/17600"}],"wp:attachment":[{"href":"https:\/\/luxtehnikashop.ee\/et\/wp-json\/wp\/v2\/media?parent=17597"}],"wp:term":[{"taxonomy":"product_cat","embeddable":true,"href":"https:\/\/luxtehnikashop.ee\/et\/wp-json\/wp\/v2\/product_cat?post=17597"},{"taxonomy":"product_tag","embeddable":true,"href":"https:\/\/luxtehnikashop.ee\/et\/wp-json\/wp\/v2\/product_tag?post=17597"}],"curies":[{"name":"wp","href":"https:\/\/api.w.org\/{rel}","templated":true}]}}