{"id":19354,"date":"2026-04-21T02:00:34","date_gmt":"2026-04-21T02:00:34","guid":{"rendered":""},"modified":"2026-04-21T02:00:34","modified_gmt":"2026-04-21T02:00:34","slug":"blanco-subline-430-270-u-silgranit-alt-paigaldatav-koogivalamu","status":"publish","type":"product","link":"https:\/\/luxtehnikashop.ee\/et\/p\/blanco-subline-430-270-u-silgranit-alt-paigaldatav-koogivalamu\/","title":{"rendered":"BLANCO SUBLINE 430\/270-U Silgranit Alt paigaldatav K\u00f6\u00f6givalamu"},"content":{"rendered":"","protected":false},"excerpt":{"rendered":"<p>K\u00f6\u00f6givalamu<br \/>T\u00f6\u00f6tasapinna alla paigaldatav, kivit\u00f6\u00f6pinnale<br \/>SILGRANIT<br \/>L\u00e4hedane looduslikule graniidile, kattega PRO CLEAN -antibakteriaal kaitsega<br \/>Aluskapp: 80cm<br \/>Saadaval 8 v\u00e4rvitoonis<br \/>Valamu m\u00f5\u00f5dud: 755x460mm<br \/>Kausi m\u00f5\u00f5dud: 430x400x200+270x400x200mm<\/p>\n","protected":false},"featured_media":19364,"template":"","meta":[],"product_cat":[62,170],"product_tag":[],"_links":{"self":[{"href":"https:\/\/luxtehnikashop.ee\/et\/wp-json\/wp\/v2\/product\/19354"}],"collection":[{"href":"https:\/\/luxtehnikashop.ee\/et\/wp-json\/wp\/v2\/product"}],"about":[{"href":"https:\/\/luxtehnikashop.ee\/et\/wp-json\/wp\/v2\/types\/product"}],"wp:featuredmedia":[{"embeddable":true,"href":"https:\/\/luxtehnikashop.ee\/et\/wp-json\/wp\/v2\/media\/19364"}],"wp:attachment":[{"href":"https:\/\/luxtehnikashop.ee\/et\/wp-json\/wp\/v2\/media?parent=19354"}],"wp:term":[{"taxonomy":"product_cat","embeddable":true,"href":"https:\/\/luxtehnikashop.ee\/et\/wp-json\/wp\/v2\/product_cat?post=19354"},{"taxonomy":"product_tag","embeddable":true,"href":"https:\/\/luxtehnikashop.ee\/et\/wp-json\/wp\/v2\/product_tag?post=19354"}],"curies":[{"name":"wp","href":"https:\/\/api.w.org\/{rel}","templated":true}]}}