{"id":19676,"date":"2026-04-24T02:00:35","date_gmt":"2026-04-24T02:00:35","guid":{"rendered":""},"modified":"2026-04-24T02:00:35","modified_gmt":"2026-04-24T02:00:35","slug":"blanco-flexon-ii-50-2-sorter-521469","status":"publish","type":"product","link":"https:\/\/luxtehnikashop.ee\/et\/p\/blanco-flexon-ii-50-2-sorter-521469\/","title":{"rendered":"BLANCO FLEXON II 50\/2 Sorter, 521469"},"content":{"rendered":"","protected":false},"excerpt":{"rendered":"<p>J\u00e4\u00e4tmete sorteerimiss\u00fcsteem,<br \/>Ukse t\u00fc\u00fcp:\u00a0Esiuksega Avatav,<br \/>Lihtne avada koos esiuksega,<br \/>Kapile laiusega v\u00e4hemalt min. 50cm,<br \/>\u00c4mbrite arv: 2tk,<br \/>Konteinerite Maht 38L \/ 2x19L;<br \/>Kvaliteetne s\u00fcsteem k\u00f5igi standardsete kappide jaoks<br \/>Kapi ja s\u00fcsteemi k\u00f5igi osade puhastamiseks on lihtne juurdep\u00e4\u00e4s<br \/>V\u00e4ikeste \u00e4mbrite ja kaantega mudelid sobivad ideaalselt orgaaniliste j\u00e4\u00e4tmete kogumiseks.<\/p>\n","protected":false},"featured_media":19677,"template":"","meta":[],"product_cat":[432,499],"product_tag":[],"_links":{"self":[{"href":"https:\/\/luxtehnikashop.ee\/et\/wp-json\/wp\/v2\/product\/19676"}],"collection":[{"href":"https:\/\/luxtehnikashop.ee\/et\/wp-json\/wp\/v2\/product"}],"about":[{"href":"https:\/\/luxtehnikashop.ee\/et\/wp-json\/wp\/v2\/types\/product"}],"wp:featuredmedia":[{"embeddable":true,"href":"https:\/\/luxtehnikashop.ee\/et\/wp-json\/wp\/v2\/media\/19677"}],"wp:attachment":[{"href":"https:\/\/luxtehnikashop.ee\/et\/wp-json\/wp\/v2\/media?parent=19676"}],"wp:term":[{"taxonomy":"product_cat","embeddable":true,"href":"https:\/\/luxtehnikashop.ee\/et\/wp-json\/wp\/v2\/product_cat?post=19676"},{"taxonomy":"product_tag","embeddable":true,"href":"https:\/\/luxtehnikashop.ee\/et\/wp-json\/wp\/v2\/product_tag?post=19676"}],"curies":[{"name":"wp","href":"https:\/\/api.w.org\/{rel}","templated":true}]}}