{"id":19791,"date":"2026-04-26T02:00:32","date_gmt":"2026-04-26T02:00:32","guid":{"rendered":""},"modified":"2026-04-26T02:00:32","modified_gmt":"2026-04-26T02:00:32","slug":"falmec-polar-35cm-valge-musta-varvi-umargune-seinale-kinnitatav-ohupuhasti","status":"publish","type":"product","link":"https:\/\/luxtehnikashop.ee\/et\/p\/falmec-polar-35cm-valge-musta-varvi-umargune-seinale-kinnitatav-ohupuhasti\/","title":{"rendered":"FALMEC POLAR 35cm Valge\/ Musta v\u00e4rvi \u00fcmargune Seinale kinnitatav \u00f5hupuhasti"},"content":{"rendered":"","protected":false},"excerpt":{"rendered":"<p>Seinale\u00a0kinnitatav \u00f5hupuhasti,<br \/>Viimistlus. Must Matt<br \/>\u00dcmargune\u00a0<br \/>Laius: 35\u043c\u043c<br \/>Tootlikus max.(m3\/tund): 800,<br \/>Juhtimine:\u00a04\u00a0astmeline elektroniline t\u00f5mbev\u00f5imsuse reguleerimine,<br \/><span>Elektrooniline juhtimine<\/span>,<br \/><span><span>LED Valgustus<\/span><\/span><span><span>:\u00a0<\/span><\/span>LED 4&#215;1,2W<br \/><span>Madal muratase:\u00a0<\/span><span>max. 69dB<br \/><span>S\u00f6efilter komplektis<\/span><br \/><\/span><\/p>\n","protected":false},"featured_media":19792,"template":"","meta":[],"product_cat":[77,320],"product_tag":[],"_links":{"self":[{"href":"https:\/\/luxtehnikashop.ee\/et\/wp-json\/wp\/v2\/product\/19791"}],"collection":[{"href":"https:\/\/luxtehnikashop.ee\/et\/wp-json\/wp\/v2\/product"}],"about":[{"href":"https:\/\/luxtehnikashop.ee\/et\/wp-json\/wp\/v2\/types\/product"}],"wp:featuredmedia":[{"embeddable":true,"href":"https:\/\/luxtehnikashop.ee\/et\/wp-json\/wp\/v2\/media\/19792"}],"wp:attachment":[{"href":"https:\/\/luxtehnikashop.ee\/et\/wp-json\/wp\/v2\/media?parent=19791"}],"wp:term":[{"taxonomy":"product_cat","embeddable":true,"href":"https:\/\/luxtehnikashop.ee\/et\/wp-json\/wp\/v2\/product_cat?post=19791"},{"taxonomy":"product_tag","embeddable":true,"href":"https:\/\/luxtehnikashop.ee\/et\/wp-json\/wp\/v2\/product_tag?post=19791"}],"curies":[{"name":"wp","href":"https:\/\/api.w.org\/{rel}","templated":true}]}}