{"id":20173,"date":"2026-04-22T02:00:42","date_gmt":"2026-04-22T02:00:42","guid":{"rendered":""},"modified":"2026-04-22T02:00:42","modified_gmt":"2026-04-22T02:00:42","slug":"gaggenau-vg231220-200-sarja-vario-28sm-1x-wok-poletiga-gaasipliidiplaat","status":"publish","type":"product","link":"https:\/\/luxtehnikashop.ee\/et\/p\/gaggenau-vg231220-200-sarja-vario-28sm-1x-wok-poletiga-gaasipliidiplaat\/","title":{"rendered":"GAGGENAU VG231220 200 sarja Vario 28\u0441\u043c 1X WOK p\u00f5letiga Gaasipliidiplaat"},"content":{"rendered":"","protected":false},"excerpt":{"rendered":"<p>200-sarja Vario gaasipliidiplaat<br \/>WOK gaasip\u00f5letiga, 20 mbar<br \/>V\u00e4rvus: Roostevaba teras, Juhtimispaneel Musta v\u00e4rvi<br \/>Kombineeritakse k\u00f5igi teiste 200 Vario paneelidega.<br \/>Lihtne kasutamine-p\u00f6\u00f6rdl\u00fclitid<br \/>9 v\u00f5imsustaseme mehaaniline reguleerimine,<br \/>Pealt Paigaldatav<br \/>Malmist reste saab pesta n\u00f5udepesumasinas<br \/>Laius 28cm<\/p>\n","protected":false},"featured_media":20175,"template":"","meta":[],"product_cat":[77,78],"product_tag":[],"_links":{"self":[{"href":"https:\/\/luxtehnikashop.ee\/et\/wp-json\/wp\/v2\/product\/20173"}],"collection":[{"href":"https:\/\/luxtehnikashop.ee\/et\/wp-json\/wp\/v2\/product"}],"about":[{"href":"https:\/\/luxtehnikashop.ee\/et\/wp-json\/wp\/v2\/types\/product"}],"wp:featuredmedia":[{"embeddable":true,"href":"https:\/\/luxtehnikashop.ee\/et\/wp-json\/wp\/v2\/media\/20175"}],"wp:attachment":[{"href":"https:\/\/luxtehnikashop.ee\/et\/wp-json\/wp\/v2\/media?parent=20173"}],"wp:term":[{"taxonomy":"product_cat","embeddable":true,"href":"https:\/\/luxtehnikashop.ee\/et\/wp-json\/wp\/v2\/product_cat?post=20173"},{"taxonomy":"product_tag","embeddable":true,"href":"https:\/\/luxtehnikashop.ee\/et\/wp-json\/wp\/v2\/product_tag?post=20173"}],"curies":[{"name":"wp","href":"https:\/\/api.w.org\/{rel}","templated":true}]}}