{"id":21121,"date":"2026-04-26T02:00:35","date_gmt":"2026-04-26T02:00:35","guid":{"rendered":""},"modified":"2026-04-26T02:00:35","modified_gmt":"2026-04-26T02:00:35","slug":"blanco-subline-500-if-steelframe-tasapinnaline-koogivalamu","status":"publish","type":"product","link":"https:\/\/luxtehnikashop.ee\/et\/p\/blanco-subline-500-if-steelframe-tasapinnaline-koogivalamu\/","title":{"rendered":"BLANCO SUBLINE 500-IF SteelFrame Tasapinnaline K\u00f6\u00f6givalamu"},"content":{"rendered":"","protected":false},"excerpt":{"rendered":"<p>K\u00f6\u00f6givalamu, <br \/>Tasapinnaline,\u00a0<br \/>SILGRANIT, <br \/>L\u00e4hedane looduslikule graniidile, kattega PRO CLEAN -antibakteriaal kaitsega, <br \/>Aluskapp: 60cm, Nurgakapile &#8211; 90x90cm, <br \/>Saadaval 3 v\u00e4rvitoonis, <br \/>Valamu m\u00f5\u00f5dud: 530x443mm, <br \/>Kausi m\u00f5\u00f5dud: 500x400x190mm<\/p>\n","protected":false},"featured_media":21128,"template":"","meta":[],"product_cat":[62,170],"product_tag":[],"_links":{"self":[{"href":"https:\/\/luxtehnikashop.ee\/et\/wp-json\/wp\/v2\/product\/21121"}],"collection":[{"href":"https:\/\/luxtehnikashop.ee\/et\/wp-json\/wp\/v2\/product"}],"about":[{"href":"https:\/\/luxtehnikashop.ee\/et\/wp-json\/wp\/v2\/types\/product"}],"wp:featuredmedia":[{"embeddable":true,"href":"https:\/\/luxtehnikashop.ee\/et\/wp-json\/wp\/v2\/media\/21128"}],"wp:attachment":[{"href":"https:\/\/luxtehnikashop.ee\/et\/wp-json\/wp\/v2\/media?parent=21121"}],"wp:term":[{"taxonomy":"product_cat","embeddable":true,"href":"https:\/\/luxtehnikashop.ee\/et\/wp-json\/wp\/v2\/product_cat?post=21121"},{"taxonomy":"product_tag","embeddable":true,"href":"https:\/\/luxtehnikashop.ee\/et\/wp-json\/wp\/v2\/product_tag?post=21121"}],"curies":[{"name":"wp","href":"https:\/\/api.w.org\/{rel}","templated":true}]}}