{"id":21134,"date":"2026-04-24T02:00:38","date_gmt":"2026-04-24T02:00:38","guid":{"rendered":""},"modified":"2026-04-24T02:00:38","modified_gmt":"2026-04-24T02:00:38","slug":"blanco-subline-500-if-a-steelframe-silgranit-tasapinnaline-koogivalamu","status":"publish","type":"product","link":"https:\/\/luxtehnikashop.ee\/et\/p\/blanco-subline-500-if-a-steelframe-silgranit-tasapinnaline-koogivalamu\/","title":{"rendered":"BLANCO SUBLINE 500-IF\/A SteelFrame Silgranit Tasapinnaline K\u00f6\u00f6givalamu"},"content":{"rendered":"","protected":false},"excerpt":{"rendered":"<p>SUBLINE sarjal on lai valik erineva suuruse ja v\u00e4rviga valamuid<br \/>Steelframe&#8217;i seeria valamud \u00fchendavad Silgraniti valamud terasest veljega, muutes basseini sobivaks nii kaasaegsesse kui ka traditsioonilisse k\u00f6\u00f6ki.<br \/>S\u00fcvistatav, Tasapinnalinee<br \/>Aluskapp: 60mm<br \/>Valamu m\u00f5\u00f5dud: 543 x 510mm<br \/>Kausi m\u00f5\u00f5dud: 1-500X400X190mm<br \/>Saadaval 3 v\u00e4rvitoonis<\/p>\n","protected":false},"featured_media":21141,"template":"","meta":[],"product_cat":[62,170],"product_tag":[],"_links":{"self":[{"href":"https:\/\/luxtehnikashop.ee\/et\/wp-json\/wp\/v2\/product\/21134"}],"collection":[{"href":"https:\/\/luxtehnikashop.ee\/et\/wp-json\/wp\/v2\/product"}],"about":[{"href":"https:\/\/luxtehnikashop.ee\/et\/wp-json\/wp\/v2\/types\/product"}],"wp:featuredmedia":[{"embeddable":true,"href":"https:\/\/luxtehnikashop.ee\/et\/wp-json\/wp\/v2\/media\/21141"}],"wp:attachment":[{"href":"https:\/\/luxtehnikashop.ee\/et\/wp-json\/wp\/v2\/media?parent=21134"}],"wp:term":[{"taxonomy":"product_cat","embeddable":true,"href":"https:\/\/luxtehnikashop.ee\/et\/wp-json\/wp\/v2\/product_cat?post=21134"},{"taxonomy":"product_tag","embeddable":true,"href":"https:\/\/luxtehnikashop.ee\/et\/wp-json\/wp\/v2\/product_tag?post=21134"}],"curies":[{"name":"wp","href":"https:\/\/api.w.org\/{rel}","templated":true}]}}