{"id":29400,"date":"2026-04-29T02:00:14","date_gmt":"2026-04-29T02:00:14","guid":{"rendered":""},"modified":"2026-04-29T02:00:14","modified_gmt":"2026-04-29T02:00:14","slug":"systemceram-mera-middle-f-color-magnolie-10","status":"publish","type":"product","link":"https:\/\/luxtehnikashop.ee\/et\/p\/systemceram-mera-middle-f-color-magnolie-10\/","title":{"rendered":"SystemCeram MERA MIDDLE F,Color: MAGNOLIE 10"},"content":{"rendered":"","protected":false},"excerpt":{"rendered":"<p>SYSTEMCERAM Keraamiline K\u00f6\u00f6givalamu, N\u00c4IDIS-L\u00d5PUM\u00dc\u00dcK !!<\/p>\n<p>Color: Magnolie 10<strong><br \/><\/strong>Tasapinnaline<br \/>&#8220;KERAMIKA&#8221;, antibakteriaal kaitsega &#8211; CleanPlus, vastupidav ja lihtsalt hooldatav<br \/><span style=\"font-size:13px;\">Aluskapp: 500mm<br \/><\/span><span style=\"font-size:13px;\">Valamu m\u00f5\u00f5dud: 1036 x 486mm<br \/><\/span><span style=\"font-size:13px;\">Kausi m\u00f5\u00f5dud: 10x385x200mm<\/span><\/p>\n","protected":false},"featured_media":29402,"template":"","meta":[],"product_cat":[62,434],"product_tag":[],"_links":{"self":[{"href":"https:\/\/luxtehnikashop.ee\/et\/wp-json\/wp\/v2\/product\/29400"}],"collection":[{"href":"https:\/\/luxtehnikashop.ee\/et\/wp-json\/wp\/v2\/product"}],"about":[{"href":"https:\/\/luxtehnikashop.ee\/et\/wp-json\/wp\/v2\/types\/product"}],"wp:featuredmedia":[{"embeddable":true,"href":"https:\/\/luxtehnikashop.ee\/et\/wp-json\/wp\/v2\/media\/29402"}],"wp:attachment":[{"href":"https:\/\/luxtehnikashop.ee\/et\/wp-json\/wp\/v2\/media?parent=29400"}],"wp:term":[{"taxonomy":"product_cat","embeddable":true,"href":"https:\/\/luxtehnikashop.ee\/et\/wp-json\/wp\/v2\/product_cat?post=29400"},{"taxonomy":"product_tag","embeddable":true,"href":"https:\/\/luxtehnikashop.ee\/et\/wp-json\/wp\/v2\/product_tag?post=29400"}],"curies":[{"name":"wp","href":"https:\/\/api.w.org\/{rel}","templated":true}]}}