{"id":29880,"date":"2026-04-23T02:00:17","date_gmt":"2026-04-23T02:00:17","guid":{"rendered":""},"modified":"2026-04-23T02:00:17","modified_gmt":"2026-04-23T02:00:17","slug":"franke-mrg-611-62-fragranit-koogivalamu","status":"publish","type":"product","link":"https:\/\/luxtehnikashop.ee\/et\/p\/franke-mrg-611-62-fragranit-koogivalamu\/","title":{"rendered":"FRANKE MRG 611-62 FRAGRANIT K\u00f6\u00f6givalamu"},"content":{"rendered":"","protected":false},"excerpt":{"rendered":"<p>K\u00f6\u00f6givalamu<br \/>FRAGRANIT<br \/>Aluskapile &#8211; 45cm<br \/>Lai varvivalik<br \/><span style=\"font-size:10pt;\"><span><span>Valamu m\u00f5\u00f5dud: 620<\/span><\/span><\/span><span style=\"font-size:10pt;\"><span><span>\u00a0x 500<\/span><\/span><\/span><span style=\"font-size:10pt;\"><span><span>mm<br \/><\/span><\/span><\/span>Kausi m\u00f5\u00f5dud:\u00a0 350 x 425 x 200mm\u00a0<\/p>\n","protected":false},"featured_media":29886,"template":"","meta":[],"product_cat":[62,170],"product_tag":[],"_links":{"self":[{"href":"https:\/\/luxtehnikashop.ee\/et\/wp-json\/wp\/v2\/product\/29880"}],"collection":[{"href":"https:\/\/luxtehnikashop.ee\/et\/wp-json\/wp\/v2\/product"}],"about":[{"href":"https:\/\/luxtehnikashop.ee\/et\/wp-json\/wp\/v2\/types\/product"}],"wp:featuredmedia":[{"embeddable":true,"href":"https:\/\/luxtehnikashop.ee\/et\/wp-json\/wp\/v2\/media\/29886"}],"wp:attachment":[{"href":"https:\/\/luxtehnikashop.ee\/et\/wp-json\/wp\/v2\/media?parent=29880"}],"wp:term":[{"taxonomy":"product_cat","embeddable":true,"href":"https:\/\/luxtehnikashop.ee\/et\/wp-json\/wp\/v2\/product_cat?post=29880"},{"taxonomy":"product_tag","embeddable":true,"href":"https:\/\/luxtehnikashop.ee\/et\/wp-json\/wp\/v2\/product_tag?post=29880"}],"curies":[{"name":"wp","href":"https:\/\/api.w.org\/{rel}","templated":true}]}}