{"id":30450,"date":"2026-04-23T02:00:22","date_gmt":"2026-04-23T02:00:22","guid":{"rendered":""},"modified":"2026-04-23T02:00:22","modified_gmt":"2026-04-23T02:00:22","slug":"bugnatese-denver-6481-koogisegisti","status":"publish","type":"product","link":"https:\/\/luxtehnikashop.ee\/et\/p\/bugnatese-denver-6481-koogisegisti\/","title":{"rendered":"BUGNATESE DENVER 6481 K\u00f6\u00f6gisegisti"},"content":{"rendered":"","protected":false},"excerpt":{"rendered":"<p>K\u00f6\u00f6gisegisti<br \/>Sari: DENVER<br \/>K\u00f5rge<br \/>Kaasaegne disain<br \/>\u00dche p\u00f6\u00f6rleva k\u00e4epideme hoovaga segisti<br \/>Keraamiline seadeosa<\/p>\n","protected":false},"featured_media":30457,"template":"","meta":[],"product_cat":[275],"product_tag":[],"_links":{"self":[{"href":"https:\/\/luxtehnikashop.ee\/et\/wp-json\/wp\/v2\/product\/30450"}],"collection":[{"href":"https:\/\/luxtehnikashop.ee\/et\/wp-json\/wp\/v2\/product"}],"about":[{"href":"https:\/\/luxtehnikashop.ee\/et\/wp-json\/wp\/v2\/types\/product"}],"wp:featuredmedia":[{"embeddable":true,"href":"https:\/\/luxtehnikashop.ee\/et\/wp-json\/wp\/v2\/media\/30457"}],"wp:attachment":[{"href":"https:\/\/luxtehnikashop.ee\/et\/wp-json\/wp\/v2\/media?parent=30450"}],"wp:term":[{"taxonomy":"product_cat","embeddable":true,"href":"https:\/\/luxtehnikashop.ee\/et\/wp-json\/wp\/v2\/product_cat?post=30450"},{"taxonomy":"product_tag","embeddable":true,"href":"https:\/\/luxtehnikashop.ee\/et\/wp-json\/wp\/v2\/product_tag?post=30450"}],"curies":[{"name":"wp","href":"https:\/\/api.w.org\/{rel}","templated":true}]}}