{"id":30470,"date":"2026-04-20T02:00:23","date_gmt":"2026-04-20T02:00:23","guid":{"rendered":""},"modified":"2026-04-20T02:00:23","modified_gmt":"2026-04-20T02:00:23","slug":"bugnatese-revival-451-koogisegisti-retro-stiilis","status":"publish","type":"product","link":"https:\/\/luxtehnikashop.ee\/et\/p\/bugnatese-revival-451-koogisegisti-retro-stiilis\/","title":{"rendered":"BUGNATESE REVIVAL 451 K\u00f6\u00f6gisegisti RETRO Stiilis"},"content":{"rendered":"","protected":false},"excerpt":{"rendered":"<p><strong>K\u00f6\u00f6gisegisti<br \/>RETRO Stiilis<br \/>Tootesari: REVIVAL<br \/>Nostalgia ja Klassikaline disain koos kaasagsete funktsioonide ja kvaliteediga,<br \/>Kahe k\u00e4epidemega segisti<br \/>Kuuma ja k\u00fclma vee tarvis on kaks eraldi ventiili\/k\u00e4epidet<\/strong><\/p>\n","protected":false},"featured_media":30475,"template":"","meta":[],"product_cat":[275],"product_tag":[],"_links":{"self":[{"href":"https:\/\/luxtehnikashop.ee\/et\/wp-json\/wp\/v2\/product\/30470"}],"collection":[{"href":"https:\/\/luxtehnikashop.ee\/et\/wp-json\/wp\/v2\/product"}],"about":[{"href":"https:\/\/luxtehnikashop.ee\/et\/wp-json\/wp\/v2\/types\/product"}],"wp:featuredmedia":[{"embeddable":true,"href":"https:\/\/luxtehnikashop.ee\/et\/wp-json\/wp\/v2\/media\/30475"}],"wp:attachment":[{"href":"https:\/\/luxtehnikashop.ee\/et\/wp-json\/wp\/v2\/media?parent=30470"}],"wp:term":[{"taxonomy":"product_cat","embeddable":true,"href":"https:\/\/luxtehnikashop.ee\/et\/wp-json\/wp\/v2\/product_cat?post=30470"},{"taxonomy":"product_tag","embeddable":true,"href":"https:\/\/luxtehnikashop.ee\/et\/wp-json\/wp\/v2\/product_tag?post=30470"}],"curies":[{"name":"wp","href":"https:\/\/api.w.org\/{rel}","templated":true}]}}