{"id":30631,"date":"2026-04-20T02:00:24","date_gmt":"2026-04-20T02:00:24","guid":{"rendered":""},"modified":"2026-04-20T02:00:24","modified_gmt":"2026-04-20T02:00:24","slug":"blanco-sora-bronze-retro-stiilis-2in1-kombi-vee-filtreerimise-funktsiooniga-koogisegisti","status":"publish","type":"product","link":"https:\/\/luxtehnikashop.ee\/et\/p\/blanco-sora-bronze-retro-stiilis-2in1-kombi-vee-filtreerimise-funktsiooniga-koogisegisti\/","title":{"rendered":"BLANCO SORA Bronze Retro stiilis 2in1 Kombi Vee filtreerimise funktsiooniga k\u00f6\u00f6gisegisti"},"content":{"rendered":"","protected":false},"excerpt":{"rendered":"<p>2in1 Kombi K\u00f6\u00f6gisegisti<br \/><span style=\"font-family:arial, helvetica, sans-serif;font-size:10pt;\">Vimistlus: Bronze (Br)<\/span>\u00a0 \u00a0\u00a0<br \/>Kahe p\u00f6\u00f6rleva k\u00e4epideme hoovaga segisti, filtreerimata ja filtreeritud vee jaoks <br \/>Integreeritud veev\u00e4ljund filtreeritud vee jaoks,<br \/>S\u00fcsteem, millesse v\u00f5imalik integreerida veefilter,<br \/>Armatuuride s\u00fcsteem varustab k\u00f6\u00f6gi k\u00fclma ja soojaveega,<br \/>Kolmas, separaatne veejuhe, annab lisaks k\u00fclmale ja soojale veele ka filtreeritud<\/p>\n","protected":false},"featured_media":30634,"template":"","meta":[],"product_cat":[275],"product_tag":[],"_links":{"self":[{"href":"https:\/\/luxtehnikashop.ee\/et\/wp-json\/wp\/v2\/product\/30631"}],"collection":[{"href":"https:\/\/luxtehnikashop.ee\/et\/wp-json\/wp\/v2\/product"}],"about":[{"href":"https:\/\/luxtehnikashop.ee\/et\/wp-json\/wp\/v2\/types\/product"}],"wp:featuredmedia":[{"embeddable":true,"href":"https:\/\/luxtehnikashop.ee\/et\/wp-json\/wp\/v2\/media\/30634"}],"wp:attachment":[{"href":"https:\/\/luxtehnikashop.ee\/et\/wp-json\/wp\/v2\/media?parent=30631"}],"wp:term":[{"taxonomy":"product_cat","embeddable":true,"href":"https:\/\/luxtehnikashop.ee\/et\/wp-json\/wp\/v2\/product_cat?post=30631"},{"taxonomy":"product_tag","embeddable":true,"href":"https:\/\/luxtehnikashop.ee\/et\/wp-json\/wp\/v2\/product_tag?post=30631"}],"curies":[{"name":"wp","href":"https:\/\/api.w.org\/{rel}","templated":true}]}}