{"id":33560,"date":"2026-04-30T02:00:27","date_gmt":"2026-04-30T02:00:27","guid":{"rendered":""},"modified":"2026-04-30T02:00:27","modified_gmt":"2026-04-30T02:00:27","slug":"teka-stone-45-s-tg-graniit-koogivalamu","status":"publish","type":"product","link":"https:\/\/luxtehnikashop.ee\/et\/p\/teka-stone-45-s-tg-graniit-koogivalamu\/","title":{"rendered":"TEKA STONE 45 S-TG Graniit K\u00f6\u00f6givalamu"},"content":{"rendered":"","protected":false},"excerpt":{"rendered":"<p>K\u00f6\u00f6givalamu<br \/>TeGranit Tegranit &#8211; l\u00e4hedane looduslikule graniidile, kattega &#8220;PRO CLEAN&#8221; &#8211; Antibakteriaal kaitsega&#8221;\u00b4, <br \/>S\u00fcvistatav, <br \/>Aluskapp: 450mm<br \/>Valamu m\u00f5\u00f5dud: 650x 510mm<br \/>P\u00f6\u00f6ratav ( kaus paremal\/vasakul )<br \/>Kausi m\u00f5\u00f5dud: 345x414X200mm<br \/>Kausi s\u00fcgavus: 200mm<br \/>Saadaval 7 v\u00e4rvitoonis<\/p>\n","protected":false},"featured_media":33567,"template":"","meta":[],"product_cat":[62,170],"product_tag":[],"_links":{"self":[{"href":"https:\/\/luxtehnikashop.ee\/et\/wp-json\/wp\/v2\/product\/33560"}],"collection":[{"href":"https:\/\/luxtehnikashop.ee\/et\/wp-json\/wp\/v2\/product"}],"about":[{"href":"https:\/\/luxtehnikashop.ee\/et\/wp-json\/wp\/v2\/types\/product"}],"wp:featuredmedia":[{"embeddable":true,"href":"https:\/\/luxtehnikashop.ee\/et\/wp-json\/wp\/v2\/media\/33567"}],"wp:attachment":[{"href":"https:\/\/luxtehnikashop.ee\/et\/wp-json\/wp\/v2\/media?parent=33560"}],"wp:term":[{"taxonomy":"product_cat","embeddable":true,"href":"https:\/\/luxtehnikashop.ee\/et\/wp-json\/wp\/v2\/product_cat?post=33560"},{"taxonomy":"product_tag","embeddable":true,"href":"https:\/\/luxtehnikashop.ee\/et\/wp-json\/wp\/v2\/product_tag?post=33560"}],"curies":[{"name":"wp","href":"https:\/\/api.w.org\/{rel}","templated":true}]}}