{"id":34599,"date":"2026-04-21T02:00:39","date_gmt":"2026-04-21T02:00:39","guid":{"rendered":""},"modified":"2026-04-21T02:00:39","modified_gmt":"2026-04-21T02:00:39","slug":"blanco-subline-480-320-u-silgranit-alt-paigaldatav-koogivalamu","status":"publish","type":"product","link":"https:\/\/luxtehnikashop.ee\/et\/p\/blanco-subline-480-320-u-silgranit-alt-paigaldatav-koogivalamu\/","title":{"rendered":"BLANCO SUBLINE 480\/320-U Silgranit Alt paigaldatav k\u00f6\u00f6givalamu"},"content":{"rendered":"","protected":false},"excerpt":{"rendered":"<p>K\u00f6\u00f6givalamu<br \/>T\u00f6\u00f6tasapinna alla paigaldatav, kivit\u00f6\u00f6pinnale<br \/>SILGRANIT<br \/>L\u00e4hedane looduslikule graniidile, kattega PRO CLEAN -antibakteriaal kaitsega<br \/>Aluskapp: 90cm<br \/>Saadaval 10 v\u00e4rvitoonis<br \/>Valamu m\u00f5\u00f5dud: 855x460mm<br \/>Kausi m\u00f5\u00f5dud: 480x400x200+320x400x200mm<\/p>\n","protected":false},"featured_media":34610,"template":"","meta":[],"product_cat":[62,170],"product_tag":[],"_links":{"self":[{"href":"https:\/\/luxtehnikashop.ee\/et\/wp-json\/wp\/v2\/product\/34599"}],"collection":[{"href":"https:\/\/luxtehnikashop.ee\/et\/wp-json\/wp\/v2\/product"}],"about":[{"href":"https:\/\/luxtehnikashop.ee\/et\/wp-json\/wp\/v2\/types\/product"}],"wp:featuredmedia":[{"embeddable":true,"href":"https:\/\/luxtehnikashop.ee\/et\/wp-json\/wp\/v2\/media\/34610"}],"wp:attachment":[{"href":"https:\/\/luxtehnikashop.ee\/et\/wp-json\/wp\/v2\/media?parent=34599"}],"wp:term":[{"taxonomy":"product_cat","embeddable":true,"href":"https:\/\/luxtehnikashop.ee\/et\/wp-json\/wp\/v2\/product_cat?post=34599"},{"taxonomy":"product_tag","embeddable":true,"href":"https:\/\/luxtehnikashop.ee\/et\/wp-json\/wp\/v2\/product_tag?post=34599"}],"curies":[{"name":"wp","href":"https:\/\/api.w.org\/{rel}","templated":true}]}}