{"id":34688,"date":"2026-04-20T02:00:40","date_gmt":"2026-04-20T02:00:40","guid":{"rendered":""},"modified":"2026-04-20T02:00:40","modified_gmt":"2026-04-20T02:00:40","slug":"bugnatese-oxford-6317s-pikendusega-valamusegisti-retro-stiilis","status":"publish","type":"product","link":"https:\/\/luxtehnikashop.ee\/et\/p\/bugnatese-oxford-6317s-pikendusega-valamusegisti-retro-stiilis\/","title":{"rendered":"BUGNATESE OXFORD 6317S Pikendusega Valamusegisti Retro stiilis"},"content":{"rendered":"","protected":false},"excerpt":{"rendered":"<p>Pikendusega \/K\u00f5rgendusega Valamusegistii<br \/>RETRO Stiilis<br \/>Tootesari: OXFORD<br \/>Nostalgia ja Klassikaline disain koos kaasagsete funktsioonide ja kvaliteediga<br \/>\u00dche p\u00f6\u00f6rleva k\u00e4epideme hoovaga segisti<br \/>Valge keraamiline k\u00e4epide<br \/>Keraamiline seadeosa<\/p>\n","protected":false},"featured_media":34697,"template":"","meta":[],"product_cat":[815],"product_tag":[],"_links":{"self":[{"href":"https:\/\/luxtehnikashop.ee\/et\/wp-json\/wp\/v2\/product\/34688"}],"collection":[{"href":"https:\/\/luxtehnikashop.ee\/et\/wp-json\/wp\/v2\/product"}],"about":[{"href":"https:\/\/luxtehnikashop.ee\/et\/wp-json\/wp\/v2\/types\/product"}],"wp:featuredmedia":[{"embeddable":true,"href":"https:\/\/luxtehnikashop.ee\/et\/wp-json\/wp\/v2\/media\/34697"}],"wp:attachment":[{"href":"https:\/\/luxtehnikashop.ee\/et\/wp-json\/wp\/v2\/media?parent=34688"}],"wp:term":[{"taxonomy":"product_cat","embeddable":true,"href":"https:\/\/luxtehnikashop.ee\/et\/wp-json\/wp\/v2\/product_cat?post=34688"},{"taxonomy":"product_tag","embeddable":true,"href":"https:\/\/luxtehnikashop.ee\/et\/wp-json\/wp\/v2\/product_tag?post=34688"}],"curies":[{"name":"wp","href":"https:\/\/api.w.org\/{rel}","templated":true}]}}