{"id":34701,"date":"2026-04-20T02:00:40","date_gmt":"2026-04-20T02:00:40","guid":{"rendered":""},"modified":"2026-04-20T02:00:40","modified_gmt":"2026-04-20T02:00:40","slug":"bugnatese-6313s-oxford-valamusegisti-retro-stiilis","status":"publish","type":"product","link":"https:\/\/luxtehnikashop.ee\/et\/p\/bugnatese-6313s-oxford-valamusegisti-retro-stiilis\/","title":{"rendered":"BUGNATESE 6313S OXFORD Valamusegisti Retro stiilis"},"content":{"rendered":"","protected":false},"excerpt":{"rendered":"<p>Valamusegistii<br \/>RETRO Stiilis<br \/>Tootesari: OXFORD<br \/>Nostalgia ja Klassikaline disain koos kaasagsete funktsioonide ja kvaliteediga<br \/>\u00dche p\u00f6\u00f6rleva k\u00e4epideme hoovaga segisti<br \/>Valge keraamiline k\u00e4epide<br \/>Keraamiline seadeosa<br \/>Lai varvivalik\u00a0<\/p>\n","protected":false},"featured_media":34710,"template":"","meta":[],"product_cat":[815],"product_tag":[],"_links":{"self":[{"href":"https:\/\/luxtehnikashop.ee\/et\/wp-json\/wp\/v2\/product\/34701"}],"collection":[{"href":"https:\/\/luxtehnikashop.ee\/et\/wp-json\/wp\/v2\/product"}],"about":[{"href":"https:\/\/luxtehnikashop.ee\/et\/wp-json\/wp\/v2\/types\/product"}],"wp:featuredmedia":[{"embeddable":true,"href":"https:\/\/luxtehnikashop.ee\/et\/wp-json\/wp\/v2\/media\/34710"}],"wp:attachment":[{"href":"https:\/\/luxtehnikashop.ee\/et\/wp-json\/wp\/v2\/media?parent=34701"}],"wp:term":[{"taxonomy":"product_cat","embeddable":true,"href":"https:\/\/luxtehnikashop.ee\/et\/wp-json\/wp\/v2\/product_cat?post=34701"},{"taxonomy":"product_tag","embeddable":true,"href":"https:\/\/luxtehnikashop.ee\/et\/wp-json\/wp\/v2\/product_tag?post=34701"}],"curies":[{"name":"wp","href":"https:\/\/api.w.org\/{rel}","templated":true}]}}