{"id":34983,"date":"2026-04-21T02:00:41","date_gmt":"2026-04-21T02:00:41","guid":{"rendered":""},"modified":"2026-04-21T02:00:41","modified_gmt":"2026-04-21T02:00:41","slug":"alveus-zeos-p-monarch-gold-kasidusiga-koogisegisti","status":"publish","type":"product","link":"https:\/\/luxtehnikashop.ee\/et\/p\/alveus-zeos-p-monarch-gold-kasidusiga-koogisegisti\/","title":{"rendered":"ALVEUS ZEOS-P Monarch Gold K\u00e4sidu\u0161iga K\u00f6\u00f6gisegisti"},"content":{"rendered":"","protected":false},"excerpt":{"rendered":"<p>K\u00e4sidu\u0161iga K\u00f6\u00f6giSegisti<br \/>Tootesari: MONARCH<br \/>Fantastiline vorm ja kasutusmugavus<br \/>Kaasaegne disain<br \/>\u00dche p\u00f6\u00f6rleva k\u00e4epideme hoovaga segisti<br \/>Keraamiline seadeosa<br \/>Viimistlus: GOLD<\/p>\n","protected":false},"featured_media":34985,"template":"","meta":[],"product_cat":[275],"product_tag":[],"_links":{"self":[{"href":"https:\/\/luxtehnikashop.ee\/et\/wp-json\/wp\/v2\/product\/34983"}],"collection":[{"href":"https:\/\/luxtehnikashop.ee\/et\/wp-json\/wp\/v2\/product"}],"about":[{"href":"https:\/\/luxtehnikashop.ee\/et\/wp-json\/wp\/v2\/types\/product"}],"wp:featuredmedia":[{"embeddable":true,"href":"https:\/\/luxtehnikashop.ee\/et\/wp-json\/wp\/v2\/media\/34985"}],"wp:attachment":[{"href":"https:\/\/luxtehnikashop.ee\/et\/wp-json\/wp\/v2\/media?parent=34983"}],"wp:term":[{"taxonomy":"product_cat","embeddable":true,"href":"https:\/\/luxtehnikashop.ee\/et\/wp-json\/wp\/v2\/product_cat?post=34983"},{"taxonomy":"product_tag","embeddable":true,"href":"https:\/\/luxtehnikashop.ee\/et\/wp-json\/wp\/v2\/product_tag?post=34983"}],"curies":[{"name":"wp","href":"https:\/\/api.w.org\/{rel}","templated":true}]}}