{"id":35902,"date":"2026-04-20T02:00:41","date_gmt":"2026-04-20T02:00:41","guid":{"rendered":""},"modified":"2026-04-20T02:00:41","modified_gmt":"2026-04-20T02:00:41","slug":"blue-water-cardo-metallic-2in1-koogisegisti-filtreerimata-ja-filtreeritud-veele","status":"publish","type":"product","link":"https:\/\/luxtehnikashop.ee\/et\/p\/blue-water-cardo-metallic-2in1-koogisegisti-filtreerimata-ja-filtreeritud-veele\/","title":{"rendered":"Blue Water CARDO Metallic 2in1 Koogisegisti filtreerimata ja filtreeritud veele"},"content":{"rendered":"","protected":false},"excerpt":{"rendered":"<p>Blue Water Kombi K\u00f6\u00f6gisegisti,<br \/>Filtreerimata ja filtreeritud vee jaoks,<br \/>S\u00fcsteem, millesse v\u00f5imalik integreerida veefilter,<br \/>Armatuuride s\u00fcsteem varustab k\u00f6\u00f6gi k\u00fclma ja sooja veega,<br \/>Kolmas, separaatne veejuhe, annab lisaks k\u00fclmale ja soojale veele ka filtreeritud,<br \/>Kaasaegne disain Kahe,<br \/>p\u00f6\u00f6rleva k\u00e4epideme hoovaga segisti<\/p>\n","protected":false},"featured_media":35904,"template":"","meta":[],"product_cat":[275],"product_tag":[],"_links":{"self":[{"href":"https:\/\/luxtehnikashop.ee\/et\/wp-json\/wp\/v2\/product\/35902"}],"collection":[{"href":"https:\/\/luxtehnikashop.ee\/et\/wp-json\/wp\/v2\/product"}],"about":[{"href":"https:\/\/luxtehnikashop.ee\/et\/wp-json\/wp\/v2\/types\/product"}],"wp:featuredmedia":[{"embeddable":true,"href":"https:\/\/luxtehnikashop.ee\/et\/wp-json\/wp\/v2\/media\/35904"}],"wp:attachment":[{"href":"https:\/\/luxtehnikashop.ee\/et\/wp-json\/wp\/v2\/media?parent=35902"}],"wp:term":[{"taxonomy":"product_cat","embeddable":true,"href":"https:\/\/luxtehnikashop.ee\/et\/wp-json\/wp\/v2\/product_cat?post=35902"},{"taxonomy":"product_tag","embeddable":true,"href":"https:\/\/luxtehnikashop.ee\/et\/wp-json\/wp\/v2\/product_tag?post=35902"}],"curies":[{"name":"wp","href":"https:\/\/api.w.org\/{rel}","templated":true}]}}