{"id":53875,"date":"2026-04-29T02:00:16","date_gmt":"2026-04-29T02:00:16","guid":{"rendered":""},"modified":"2026-04-29T02:00:16","modified_gmt":"2026-04-29T02:00:16","slug":"blanco-select-ii-60-4-60cm-sorter-art-526206","status":"publish","type":"product","link":"https:\/\/luxtehnikashop.ee\/et\/p\/blanco-select-ii-60-4-60cm-sorter-art-526206\/","title":{"rendered":"BLANCO SELECT II 60\/4 60cm Sorter, art.526206"},"content":{"rendered":"","protected":false},"excerpt":{"rendered":"<p>J\u00e4\u00e4tmek\u00e4itlus s\u00fcsteem<br \/>kinnitakse k\u00fclgseintev k\u00fclge<br \/>Ukset\u00fc\u00fcp: Esiuksega Avatav<br \/>Kapile laiusega min.: 60cm<br \/>Lihtne avada koos esiuksega<br \/>\u00c4mbrite arv: 4tk<br \/>Maht (L): 2&#215;6+2x15L<\/p>\n","protected":false},"featured_media":53876,"template":"","meta":[],"product_cat":[432,499],"product_tag":[],"_links":{"self":[{"href":"https:\/\/luxtehnikashop.ee\/et\/wp-json\/wp\/v2\/product\/53875"}],"collection":[{"href":"https:\/\/luxtehnikashop.ee\/et\/wp-json\/wp\/v2\/product"}],"about":[{"href":"https:\/\/luxtehnikashop.ee\/et\/wp-json\/wp\/v2\/types\/product"}],"wp:featuredmedia":[{"embeddable":true,"href":"https:\/\/luxtehnikashop.ee\/et\/wp-json\/wp\/v2\/media\/53876"}],"wp:attachment":[{"href":"https:\/\/luxtehnikashop.ee\/et\/wp-json\/wp\/v2\/media?parent=53875"}],"wp:term":[{"taxonomy":"product_cat","embeddable":true,"href":"https:\/\/luxtehnikashop.ee\/et\/wp-json\/wp\/v2\/product_cat?post=53875"},{"taxonomy":"product_tag","embeddable":true,"href":"https:\/\/luxtehnikashop.ee\/et\/wp-json\/wp\/v2\/product_tag?post=53875"}],"curies":[{"name":"wp","href":"https:\/\/api.w.org\/{rel}","templated":true}]}}