{"id":54701,"date":"2026-04-20T02:00:41","date_gmt":"2026-04-20T02:00:41","guid":{"rendered":""},"modified":"2026-04-20T02:00:41","modified_gmt":"2026-04-20T02:00:41","slug":"blanco-fontas-ii-gold-satin-2in1-kombi-vee-filtreerimise-funktsiooniga-koogisegisti","status":"publish","type":"product","link":"https:\/\/luxtehnikashop.ee\/et\/p\/blanco-fontas-ii-gold-satin-2in1-kombi-vee-filtreerimise-funktsiooniga-koogisegisti\/","title":{"rendered":"BLANCO FONTAS II Gold Satin 2in1 Kombi vee filtreerimise funktsiooniga K\u00f6\u00f6gisegisti"},"content":{"rendered":"","protected":false},"excerpt":{"rendered":"<p>Kombi K\u00f6\u00f6gisegisti<br \/>Viimistlus: GOLD Satin<br \/>Kahe p\u00f6\u00f6rleva k\u00e4epideme hoovaga segisti filtreerimata ja filtreeritud veele,Integreeritud veev\u00e4ljund filtreeritud veele<br \/>S\u00fcsteem, millesse v\u00f5imalik integreerida veefilter<br \/>Armatuuride s\u00fcsteem varustab k\u00f6\u00f6gi k\u00fclma ja soojaveega<br \/>Kolmas, separaatne veejuhe, annab lisaks k\u00fclmale ja soojale veele ka filtreeritud<\/p>\n","protected":false},"featured_media":54702,"template":"","meta":[],"product_cat":[275],"product_tag":[],"_links":{"self":[{"href":"https:\/\/luxtehnikashop.ee\/et\/wp-json\/wp\/v2\/product\/54701"}],"collection":[{"href":"https:\/\/luxtehnikashop.ee\/et\/wp-json\/wp\/v2\/product"}],"about":[{"href":"https:\/\/luxtehnikashop.ee\/et\/wp-json\/wp\/v2\/types\/product"}],"wp:featuredmedia":[{"embeddable":true,"href":"https:\/\/luxtehnikashop.ee\/et\/wp-json\/wp\/v2\/media\/54702"}],"wp:attachment":[{"href":"https:\/\/luxtehnikashop.ee\/et\/wp-json\/wp\/v2\/media?parent=54701"}],"wp:term":[{"taxonomy":"product_cat","embeddable":true,"href":"https:\/\/luxtehnikashop.ee\/et\/wp-json\/wp\/v2\/product_cat?post=54701"},{"taxonomy":"product_tag","embeddable":true,"href":"https:\/\/luxtehnikashop.ee\/et\/wp-json\/wp\/v2\/product_tag?post=54701"}],"curies":[{"name":"wp","href":"https:\/\/api.w.org\/{rel}","templated":true}]}}