{"id":54803,"date":"2026-04-21T02:00:41","date_gmt":"2026-04-21T02:00:41","guid":{"rendered":""},"modified":"2026-04-21T02:00:41","modified_gmt":"2026-04-21T02:00:41","slug":"elleci-quadra-102-u-40x40cm-alt-paigaldatav-graniit-koogivalamu","status":"publish","type":"product","link":"https:\/\/luxtehnikashop.ee\/et\/p\/elleci-quadra-102-u-40x40cm-alt-paigaldatav-graniit-koogivalamu\/","title":{"rendered":"ELLECI QUADRA 102-U 40x40cm Alt Paigaldatav Graniit K\u00f6\u00f6givalamu"},"content":{"rendered":"","protected":false},"excerpt":{"rendered":"<p>K\u00f6\u00f6givalamu<br \/>T\u00f6\u00f6tasapinna alla paigaldatav, kivit\u00f6\u00f6pinnale<br \/>GRANITEK, METALTEK, KERATEK<br \/>L\u00e4hedane looduslikule graniidile, kattega PRO CLEAN -antibakteriaal kaitsega<br \/>Aluskapp: 50cm, Nurgakapile &#8211; 90x90cm<br \/>Lai varvivalik<br \/>Valamu m\u00f5\u00f5dud: 440x440mm<br \/>Kausi m\u00f5\u00f5dud: 400&#215;400 x 200mm, r-10mm<\/p>\n","protected":false},"featured_media":54813,"template":"","meta":[],"product_cat":[62,170],"product_tag":[],"_links":{"self":[{"href":"https:\/\/luxtehnikashop.ee\/et\/wp-json\/wp\/v2\/product\/54803"}],"collection":[{"href":"https:\/\/luxtehnikashop.ee\/et\/wp-json\/wp\/v2\/product"}],"about":[{"href":"https:\/\/luxtehnikashop.ee\/et\/wp-json\/wp\/v2\/types\/product"}],"wp:featuredmedia":[{"embeddable":true,"href":"https:\/\/luxtehnikashop.ee\/et\/wp-json\/wp\/v2\/media\/54813"}],"wp:attachment":[{"href":"https:\/\/luxtehnikashop.ee\/et\/wp-json\/wp\/v2\/media?parent=54803"}],"wp:term":[{"taxonomy":"product_cat","embeddable":true,"href":"https:\/\/luxtehnikashop.ee\/et\/wp-json\/wp\/v2\/product_cat?post=54803"},{"taxonomy":"product_tag","embeddable":true,"href":"https:\/\/luxtehnikashop.ee\/et\/wp-json\/wp\/v2\/product_tag?post=54803"}],"curies":[{"name":"wp","href":"https:\/\/api.w.org\/{rel}","templated":true}]}}