{"id":54870,"date":"2026-04-20T02:00:42","date_gmt":"2026-04-20T02:00:42","guid":{"rendered":""},"modified":"2026-04-20T02:00:42","modified_gmt":"2026-04-20T02:00:42","slug":"blanco-livia-s-kroom-valjatommatava-dusivoolikuga-koogisegisti","status":"publish","type":"product","link":"https:\/\/luxtehnikashop.ee\/et\/p\/blanco-livia-s-kroom-valjatommatava-dusivoolikuga-koogisegisti\/","title":{"rendered":"BLANCO LIVIA-S Kroom V\u00e4lj\u00e4t\u00f5mmatava du\u0161ivoolikuga K\u00f6\u00f6gisegisti"},"content":{"rendered":"","protected":false},"excerpt":{"rendered":"<p>K\u00f6\u00f6gisegisti<br \/>Pinnat\u00f6\u00f6tlus: Kroom<br \/><span>V\u00e4lj\u00e4t\u00f5mmatava du\u0161ivoolikuga<\/span><br \/><span>Kergelt k\u00e4sitlev K\u00e4sidu\u0161\u0161<\/span><br \/><span>Kaasaegne disain<\/span><br \/><span>\u00dche p\u00f6\u00f6rleva k\u00e4epideme hoovaga segisti<\/span><\/p>\n","protected":false},"featured_media":54872,"template":"","meta":[],"product_cat":[275],"product_tag":[],"_links":{"self":[{"href":"https:\/\/luxtehnikashop.ee\/et\/wp-json\/wp\/v2\/product\/54870"}],"collection":[{"href":"https:\/\/luxtehnikashop.ee\/et\/wp-json\/wp\/v2\/product"}],"about":[{"href":"https:\/\/luxtehnikashop.ee\/et\/wp-json\/wp\/v2\/types\/product"}],"wp:featuredmedia":[{"embeddable":true,"href":"https:\/\/luxtehnikashop.ee\/et\/wp-json\/wp\/v2\/media\/54872"}],"wp:attachment":[{"href":"https:\/\/luxtehnikashop.ee\/et\/wp-json\/wp\/v2\/media?parent=54870"}],"wp:term":[{"taxonomy":"product_cat","embeddable":true,"href":"https:\/\/luxtehnikashop.ee\/et\/wp-json\/wp\/v2\/product_cat?post=54870"},{"taxonomy":"product_tag","embeddable":true,"href":"https:\/\/luxtehnikashop.ee\/et\/wp-json\/wp\/v2\/product_tag?post=54870"}],"curies":[{"name":"wp","href":"https:\/\/api.w.org\/{rel}","templated":true}]}}