{"id":55003,"date":"2026-04-24T02:00:42","date_gmt":"2026-04-24T02:00:42","guid":{"rendered":""},"modified":"2026-04-24T02:00:42","modified_gmt":"2026-04-24T02:00:42","slug":"franke-old-england-pronks-koogisegisti-retro-stiilis","status":"publish","type":"product","link":"https:\/\/luxtehnikashop.ee\/et\/p\/franke-old-england-pronks-koogisegisti-retro-stiilis\/","title":{"rendered":"FRANKE OLD ENGLAND PRONKS K\u00f6\u00f6gisegisti RETRO Stiilis"},"content":{"rendered":"","protected":false},"excerpt":{"rendered":"<p>K\u00f6\u00f6gisegisti RETRO Stiilis<br \/>Tootesari: ANTICA<br \/>Nostalgia ja Klassikaline disain koos kaasagsete funktsioonide ja kvaliteediga<br \/>\u00dche p\u00f6\u00f6rleva k\u00e4epideme hoovaga segisti<br \/>Valge keraamiline k\u00e4epide<br \/>Keraamiline seadeosa<\/p>\n","protected":false},"featured_media":55006,"template":"","meta":[],"product_cat":[275],"product_tag":[],"_links":{"self":[{"href":"https:\/\/luxtehnikashop.ee\/et\/wp-json\/wp\/v2\/product\/55003"}],"collection":[{"href":"https:\/\/luxtehnikashop.ee\/et\/wp-json\/wp\/v2\/product"}],"about":[{"href":"https:\/\/luxtehnikashop.ee\/et\/wp-json\/wp\/v2\/types\/product"}],"wp:featuredmedia":[{"embeddable":true,"href":"https:\/\/luxtehnikashop.ee\/et\/wp-json\/wp\/v2\/media\/55006"}],"wp:attachment":[{"href":"https:\/\/luxtehnikashop.ee\/et\/wp-json\/wp\/v2\/media?parent=55003"}],"wp:term":[{"taxonomy":"product_cat","embeddable":true,"href":"https:\/\/luxtehnikashop.ee\/et\/wp-json\/wp\/v2\/product_cat?post=55003"},{"taxonomy":"product_tag","embeddable":true,"href":"https:\/\/luxtehnikashop.ee\/et\/wp-json\/wp\/v2\/product_tag?post=55003"}],"curies":[{"name":"wp","href":"https:\/\/api.w.org\/{rel}","templated":true}]}}