{"id":55099,"date":"2026-04-21T02:00:06","date_gmt":"2026-04-21T02:00:06","guid":{"rendered":""},"modified":"2026-04-21T02:00:06","modified_gmt":"2026-04-21T02:00:06","slug":"alveus-quadrix-50-500x400mm-rst-koogivalamu","status":"publish","type":"product","link":"https:\/\/luxtehnikashop.ee\/et\/p\/alveus-quadrix-50-500x400mm-rst-koogivalamu\/","title":{"rendered":"ALVEUS QUADRIX 50 500x400mm RST K\u00f6\u00f6givalamu"},"content":{"rendered":"","protected":false},"excerpt":{"rendered":"<p>K\u00f6\u00f6givalamu, <br \/>Tasapinnaline, <br \/>Kivipinnale altpoolt monteeritav, <br \/>T\u00e4isnurkne, minimaalse raadiusega v\u00e4\u00e4risterasest k\u00f6\u00f6givalamu, <br \/>Lihtne, elegantne ja sirge joontega vorm kiirgab v\u00e4\u00e4rikust ja elrgantsi, <br \/>Roostevabateras, <br \/>Aluskapp: 60cm, <br \/>Valamu m\u00f5\u00f5dud: 550x450mm, <br \/>Kausi m\u00f5\u00f5dud: 1 &#8211; 500X400X200mm, <br \/>Kausi raadius R-10mm<\/p>\n","protected":false},"featured_media":55102,"template":"","meta":[],"product_cat":[62,133],"product_tag":[],"_links":{"self":[{"href":"https:\/\/luxtehnikashop.ee\/et\/wp-json\/wp\/v2\/product\/55099"}],"collection":[{"href":"https:\/\/luxtehnikashop.ee\/et\/wp-json\/wp\/v2\/product"}],"about":[{"href":"https:\/\/luxtehnikashop.ee\/et\/wp-json\/wp\/v2\/types\/product"}],"wp:featuredmedia":[{"embeddable":true,"href":"https:\/\/luxtehnikashop.ee\/et\/wp-json\/wp\/v2\/media\/55102"}],"wp:attachment":[{"href":"https:\/\/luxtehnikashop.ee\/et\/wp-json\/wp\/v2\/media?parent=55099"}],"wp:term":[{"taxonomy":"product_cat","embeddable":true,"href":"https:\/\/luxtehnikashop.ee\/et\/wp-json\/wp\/v2\/product_cat?post=55099"},{"taxonomy":"product_tag","embeddable":true,"href":"https:\/\/luxtehnikashop.ee\/et\/wp-json\/wp\/v2\/product_tag?post=55099"}],"curies":[{"name":"wp","href":"https:\/\/api.w.org\/{rel}","templated":true}]}}