{"id":55424,"date":"2026-04-25T02:00:13","date_gmt":"2026-04-25T02:00:13","guid":{"rendered":""},"modified":"2026-04-25T02:00:13","modified_gmt":"2026-04-25T02:00:13","slug":"blanco-andano-400-if-a-tasapinnaline-rst-koogivalamu","status":"publish","type":"product","link":"https:\/\/luxtehnikashop.ee\/et\/p\/blanco-andano-400-if-a-tasapinnaline-rst-koogivalamu\/","title":{"rendered":"BLANCO ANDANO 400-IF\/A Tasapinnaline RST K\u00f6\u00f6givalamu"},"content":{"rendered":"","protected":false},"excerpt":{"rendered":"<p>K\u00f6\u00f6givalamu<br \/>Tasapinnaline<br \/>Roostevaba teras<br \/>Aluskapp: 45cm<br \/>Valamu m\u00f5\u00f5dud: 440x500mm<br \/>Kausi m\u00f5\u00f5dud: 1-400x400x190mm<br \/>R 22mm<\/p>\n","protected":false},"featured_media":55426,"template":"","meta":[],"product_cat":[62,133],"product_tag":[],"_links":{"self":[{"href":"https:\/\/luxtehnikashop.ee\/et\/wp-json\/wp\/v2\/product\/55424"}],"collection":[{"href":"https:\/\/luxtehnikashop.ee\/et\/wp-json\/wp\/v2\/product"}],"about":[{"href":"https:\/\/luxtehnikashop.ee\/et\/wp-json\/wp\/v2\/types\/product"}],"wp:featuredmedia":[{"embeddable":true,"href":"https:\/\/luxtehnikashop.ee\/et\/wp-json\/wp\/v2\/media\/55426"}],"wp:attachment":[{"href":"https:\/\/luxtehnikashop.ee\/et\/wp-json\/wp\/v2\/media?parent=55424"}],"wp:term":[{"taxonomy":"product_cat","embeddable":true,"href":"https:\/\/luxtehnikashop.ee\/et\/wp-json\/wp\/v2\/product_cat?post=55424"},{"taxonomy":"product_tag","embeddable":true,"href":"https:\/\/luxtehnikashop.ee\/et\/wp-json\/wp\/v2\/product_tag?post=55424"}],"curies":[{"name":"wp","href":"https:\/\/api.w.org\/{rel}","templated":true}]}}