{"id":55771,"date":"2026-05-02T02:00:26","date_gmt":"2026-05-02T02:00:26","guid":{"rendered":""},"modified":"2026-05-02T02:00:26","modified_gmt":"2026-05-02T02:00:26","slug":"blanco-andano-700-if-a-tasapinnaline-rst-koogivalamu","status":"publish","type":"product","link":"https:\/\/luxtehnikashop.ee\/et\/p\/blanco-andano-700-if-a-tasapinnaline-rst-koogivalamu\/","title":{"rendered":"BLANCO ANDANO 700-IF\/A Tasapinnaline RST K\u00f6\u00f6givalamu"},"content":{"rendered":"","protected":false},"excerpt":{"rendered":"<p>K\u00f6\u00f6givalamu<br \/>S\u00fcvistatav, Tasapinnaline<br \/>Roostevaba teras<br \/>Aluskapp: 80cm<br \/>Valamu m\u00f5\u00f5dud: 740X500mm<br \/>Kausi m\u00f5\u00f5dud: 1-700X500X190mm<br \/>R 22mm<\/p>\n","protected":false},"featured_media":55773,"template":"","meta":[],"product_cat":[62,133],"product_tag":[],"_links":{"self":[{"href":"https:\/\/luxtehnikashop.ee\/et\/wp-json\/wp\/v2\/product\/55771"}],"collection":[{"href":"https:\/\/luxtehnikashop.ee\/et\/wp-json\/wp\/v2\/product"}],"about":[{"href":"https:\/\/luxtehnikashop.ee\/et\/wp-json\/wp\/v2\/types\/product"}],"wp:featuredmedia":[{"embeddable":true,"href":"https:\/\/luxtehnikashop.ee\/et\/wp-json\/wp\/v2\/media\/55773"}],"wp:attachment":[{"href":"https:\/\/luxtehnikashop.ee\/et\/wp-json\/wp\/v2\/media?parent=55771"}],"wp:term":[{"taxonomy":"product_cat","embeddable":true,"href":"https:\/\/luxtehnikashop.ee\/et\/wp-json\/wp\/v2\/product_cat?post=55771"},{"taxonomy":"product_tag","embeddable":true,"href":"https:\/\/luxtehnikashop.ee\/et\/wp-json\/wp\/v2\/product_tag?post=55771"}],"curies":[{"name":"wp","href":"https:\/\/api.w.org\/{rel}","templated":true}]}}