{"id":56261,"date":"2026-04-23T02:00:40","date_gmt":"2026-04-23T02:00:40","guid":{"rendered":""},"modified":"2026-04-23T02:00:40","modified_gmt":"2026-04-23T02:00:40","slug":"blanco-andano-340-180-if-tasapinnaline-rst-koogivalamu","status":"publish","type":"product","link":"https:\/\/luxtehnikashop.ee\/et\/p\/blanco-andano-340-180-if-tasapinnaline-rst-koogivalamu\/","title":{"rendered":"BLANCO ANDANO 340\/180-IF Tasapinnaline RST K\u00f6\u00f6givalamu"},"content":{"rendered":"","protected":false},"excerpt":{"rendered":"<p>K\u00f6\u00f6givalamu<br \/>Tasapinnaline<br \/>Roostevaba teras<br \/>Aluskapp: 80cm<br \/>Valamu m\u00f5\u00f5dud: 745X440mm<br \/>Kausi m\u00f5\u00f5dud: 340X400X190+340X400X190mm<br \/>R 22mm<\/p>\n","protected":false},"featured_media":56264,"template":"","meta":[],"product_cat":[62,133],"product_tag":[],"_links":{"self":[{"href":"https:\/\/luxtehnikashop.ee\/et\/wp-json\/wp\/v2\/product\/56261"}],"collection":[{"href":"https:\/\/luxtehnikashop.ee\/et\/wp-json\/wp\/v2\/product"}],"about":[{"href":"https:\/\/luxtehnikashop.ee\/et\/wp-json\/wp\/v2\/types\/product"}],"wp:featuredmedia":[{"embeddable":true,"href":"https:\/\/luxtehnikashop.ee\/et\/wp-json\/wp\/v2\/media\/56264"}],"wp:attachment":[{"href":"https:\/\/luxtehnikashop.ee\/et\/wp-json\/wp\/v2\/media?parent=56261"}],"wp:term":[{"taxonomy":"product_cat","embeddable":true,"href":"https:\/\/luxtehnikashop.ee\/et\/wp-json\/wp\/v2\/product_cat?post=56261"},{"taxonomy":"product_tag","embeddable":true,"href":"https:\/\/luxtehnikashop.ee\/et\/wp-json\/wp\/v2\/product_tag?post=56261"}],"curies":[{"name":"wp","href":"https:\/\/api.w.org\/{rel}","templated":true}]}}