{"id":56369,"date":"2026-04-24T02:00:42","date_gmt":"2026-04-24T02:00:42","guid":{"rendered":""},"modified":"2026-04-24T02:00:42","modified_gmt":"2026-04-24T02:00:42","slug":"alveus-zina-monarch-gold-koogisegisti","status":"publish","type":"product","link":"https:\/\/luxtehnikashop.ee\/et\/p\/alveus-zina-monarch-gold-koogisegisti\/","title":{"rendered":"ALVEUS ZINA MONARCH GOLD K\u00f6\u00f6gisegisti"},"content":{"rendered":"","protected":false},"excerpt":{"rendered":"<p>MONARCH K\u00f6\u00f6gisegisti<br \/><span>Kaasaegne disain<\/span><br \/><span>\u00dche p\u00f6\u00f6rleva k\u00e4epideme hoovaga segisti<br \/><\/span>Pinnat\u00f6\u00f6tlus: Gold<\/p><\/p>\n","protected":false},"featured_media":56371,"template":"","meta":[],"product_cat":[275],"product_tag":[],"_links":{"self":[{"href":"https:\/\/luxtehnikashop.ee\/et\/wp-json\/wp\/v2\/product\/56369"}],"collection":[{"href":"https:\/\/luxtehnikashop.ee\/et\/wp-json\/wp\/v2\/product"}],"about":[{"href":"https:\/\/luxtehnikashop.ee\/et\/wp-json\/wp\/v2\/types\/product"}],"wp:featuredmedia":[{"embeddable":true,"href":"https:\/\/luxtehnikashop.ee\/et\/wp-json\/wp\/v2\/media\/56371"}],"wp:attachment":[{"href":"https:\/\/luxtehnikashop.ee\/et\/wp-json\/wp\/v2\/media?parent=56369"}],"wp:term":[{"taxonomy":"product_cat","embeddable":true,"href":"https:\/\/luxtehnikashop.ee\/et\/wp-json\/wp\/v2\/product_cat?post=56369"},{"taxonomy":"product_tag","embeddable":true,"href":"https:\/\/luxtehnikashop.ee\/et\/wp-json\/wp\/v2\/product_tag?post=56369"}],"curies":[{"name":"wp","href":"https:\/\/api.w.org\/{rel}","templated":true}]}}