{"id":56395,"date":"2026-04-22T02:00:38","date_gmt":"2026-04-22T02:00:38","guid":{"rendered":""},"modified":"2026-04-22T02:00:38","modified_gmt":"2026-04-22T02:00:38","slug":"alveus-oz-monarch-gold-koogisegisti","status":"publish","type":"product","link":"https:\/\/luxtehnikashop.ee\/et\/p\/alveus-oz-monarch-gold-koogisegisti\/","title":{"rendered":"ALVEUS OZ Monarch GOLD K\u00f6\u00f6giSegisti"},"content":{"rendered":"","protected":false},"excerpt":{"rendered":"<p>K\u00f6\u00f6giSegisti,<br \/>Tootesari: MONARCH<br \/>Fantastiline vorm ja kasutusmugavus<br \/>Kaasaegne disain<br \/>\u00dche p\u00f6\u00f6rleva k\u00e4epideme hoovaga segisti<br \/>Keraamiline seadeosa<br \/>Gold<\/p>\n","protected":false},"featured_media":56397,"template":"","meta":[],"product_cat":[275],"product_tag":[],"_links":{"self":[{"href":"https:\/\/luxtehnikashop.ee\/et\/wp-json\/wp\/v2\/product\/56395"}],"collection":[{"href":"https:\/\/luxtehnikashop.ee\/et\/wp-json\/wp\/v2\/product"}],"about":[{"href":"https:\/\/luxtehnikashop.ee\/et\/wp-json\/wp\/v2\/types\/product"}],"wp:featuredmedia":[{"embeddable":true,"href":"https:\/\/luxtehnikashop.ee\/et\/wp-json\/wp\/v2\/media\/56397"}],"wp:attachment":[{"href":"https:\/\/luxtehnikashop.ee\/et\/wp-json\/wp\/v2\/media?parent=56395"}],"wp:term":[{"taxonomy":"product_cat","embeddable":true,"href":"https:\/\/luxtehnikashop.ee\/et\/wp-json\/wp\/v2\/product_cat?post=56395"},{"taxonomy":"product_tag","embeddable":true,"href":"https:\/\/luxtehnikashop.ee\/et\/wp-json\/wp\/v2\/product_tag?post=56395"}],"curies":[{"name":"wp","href":"https:\/\/api.w.org\/{rel}","templated":true}]}}