{"id":56411,"date":"2026-05-02T02:00:48","date_gmt":"2026-05-02T02:00:48","guid":{"rendered":""},"modified":"2026-05-02T02:00:48","modified_gmt":"2026-05-02T02:00:48","slug":"alveus-slim-monarch-gold-koogisegisti","status":"publish","type":"product","link":"https:\/\/luxtehnikashop.ee\/et\/p\/alveus-slim-monarch-gold-koogisegisti\/","title":{"rendered":"ALVEUS SLIM Monarch GOLD K\u00f6\u00f6giSegisti"},"content":{"rendered":"","protected":false},"excerpt":{"rendered":"<p>K\u00f6\u00f6giSegisti,<br \/>Tootesari: MONARCH<br \/>Fantastiline vorm ja kasutusmugavus,<br \/>Kaasaegne disain,<br \/>\u00dche p\u00f6\u00f6rleva k\u00e4epideme hoovaga segisti,<br \/>Keraamiline seadeosa<br \/>GOLD, COPPER, BRONZE, ANTHRAZITE<\/p>\n","protected":false},"featured_media":56413,"template":"","meta":[],"product_cat":[275],"product_tag":[],"_links":{"self":[{"href":"https:\/\/luxtehnikashop.ee\/et\/wp-json\/wp\/v2\/product\/56411"}],"collection":[{"href":"https:\/\/luxtehnikashop.ee\/et\/wp-json\/wp\/v2\/product"}],"about":[{"href":"https:\/\/luxtehnikashop.ee\/et\/wp-json\/wp\/v2\/types\/product"}],"wp:featuredmedia":[{"embeddable":true,"href":"https:\/\/luxtehnikashop.ee\/et\/wp-json\/wp\/v2\/media\/56413"}],"wp:attachment":[{"href":"https:\/\/luxtehnikashop.ee\/et\/wp-json\/wp\/v2\/media?parent=56411"}],"wp:term":[{"taxonomy":"product_cat","embeddable":true,"href":"https:\/\/luxtehnikashop.ee\/et\/wp-json\/wp\/v2\/product_cat?post=56411"},{"taxonomy":"product_tag","embeddable":true,"href":"https:\/\/luxtehnikashop.ee\/et\/wp-json\/wp\/v2\/product_tag?post=56411"}],"curies":[{"name":"wp","href":"https:\/\/api.w.org\/{rel}","templated":true}]}}