{"id":56631,"date":"2026-04-23T02:00:42","date_gmt":"2026-04-23T02:00:42","guid":{"rendered":""},"modified":"2026-04-23T02:00:42","modified_gmt":"2026-04-23T02:00:42","slug":"teka-izf-68700-mst-multislider-full-flex-tsooniga-induktsioon-pliidiplaat","status":"publish","type":"product","link":"https:\/\/luxtehnikashop.ee\/et\/p\/teka-izf-68700-mst-multislider-full-flex-tsooniga-induktsioon-pliidiplaat\/","title":{"rendered":"TEKA IZF 68700 MST Multislider Full Flex tsooniga Induktsioon pliidiplaat"},"content":{"rendered":"","protected":false},"excerpt":{"rendered":"<p><span>Induktsioon pliidiplaat<\/span><br \/><span><span>V\u00e4rvus:\u00a0<\/span><\/span><span><span>MUST<\/span><\/span><span><span> Dekoorita klaaspind<br \/><\/span><\/span><span>S\u00f5ltumatu<\/span><br \/><span>Multislider juhtimisega<\/span><br \/><span>Koguv\u00f5imsus: 7,4 kW,<\/span><br \/><span>V\u00e4lism\u00f5\u00f5dud: ~ 600x510mm<\/span><\/p>\n","protected":false},"featured_media":56633,"template":"","meta":[],"product_cat":[77,78],"product_tag":[],"_links":{"self":[{"href":"https:\/\/luxtehnikashop.ee\/et\/wp-json\/wp\/v2\/product\/56631"}],"collection":[{"href":"https:\/\/luxtehnikashop.ee\/et\/wp-json\/wp\/v2\/product"}],"about":[{"href":"https:\/\/luxtehnikashop.ee\/et\/wp-json\/wp\/v2\/types\/product"}],"wp:featuredmedia":[{"embeddable":true,"href":"https:\/\/luxtehnikashop.ee\/et\/wp-json\/wp\/v2\/media\/56633"}],"wp:attachment":[{"href":"https:\/\/luxtehnikashop.ee\/et\/wp-json\/wp\/v2\/media?parent=56631"}],"wp:term":[{"taxonomy":"product_cat","embeddable":true,"href":"https:\/\/luxtehnikashop.ee\/et\/wp-json\/wp\/v2\/product_cat?post=56631"},{"taxonomy":"product_tag","embeddable":true,"href":"https:\/\/luxtehnikashop.ee\/et\/wp-json\/wp\/v2\/product_tag?post=56631"}],"curies":[{"name":"wp","href":"https:\/\/api.w.org\/{rel}","templated":true}]}}