{"id":56940,"date":"2026-04-20T02:00:44","date_gmt":"2026-04-20T02:00:44","guid":{"rendered":""},"modified":"2026-04-20T02:00:44","modified_gmt":"2026-04-20T02:00:44","slug":"alveus-pure-70-monarch-collection-565x525mm-varviline-rst-koogivalamu","status":"publish","type":"product","link":"https:\/\/luxtehnikashop.ee\/et\/p\/alveus-pure-70-monarch-collection-565x525mm-varviline-rst-koogivalamu\/","title":{"rendered":"ALVEUS PURE 70 Monarch Collection 565x525mm V\u00e4rviline RST K\u00f6\u00f6givalamu"},"content":{"rendered":"","protected":false},"excerpt":{"rendered":"<p>Tootesari:\u00a0Monarch Collection<\/p>\n<div>\n<p>Roostevaba teras\u00a0<br \/>Lihtne, elegantne ja sirge joontega vorm kiirgab v\u00e4\u00e4rikust ja elegantsi. \u00a0<br \/>V\u00e4rvus:\u00a0GOLD, COPPER, GRAPHITE, BRONZE<br \/>Paigaldus:\u00a0Suvistatav, tasapinnaline<br \/>Sirge t\u00f6\u00f6pinnale, Nurgakapile,<br \/>Aluskapp: 60cm,\u00a0<br \/>Valamu m\u00f5\u00f5dud: 565x525x195mm,\u00a0<br \/>Kausi m\u00f5\u00f5dud: 1-500x400x195mm<br \/>Kausi raadius R-15mm<br \/>Pleki paksus 0,8mm<br \/>Kattega \u00fclevool<\/p>\n<\/div>\n","protected":false},"featured_media":56945,"template":"","meta":[],"product_cat":[62,524],"product_tag":[],"_links":{"self":[{"href":"https:\/\/luxtehnikashop.ee\/et\/wp-json\/wp\/v2\/product\/56940"}],"collection":[{"href":"https:\/\/luxtehnikashop.ee\/et\/wp-json\/wp\/v2\/product"}],"about":[{"href":"https:\/\/luxtehnikashop.ee\/et\/wp-json\/wp\/v2\/types\/product"}],"wp:featuredmedia":[{"embeddable":true,"href":"https:\/\/luxtehnikashop.ee\/et\/wp-json\/wp\/v2\/media\/56945"}],"wp:attachment":[{"href":"https:\/\/luxtehnikashop.ee\/et\/wp-json\/wp\/v2\/media?parent=56940"}],"wp:term":[{"taxonomy":"product_cat","embeddable":true,"href":"https:\/\/luxtehnikashop.ee\/et\/wp-json\/wp\/v2\/product_cat?post=56940"},{"taxonomy":"product_tag","embeddable":true,"href":"https:\/\/luxtehnikashop.ee\/et\/wp-json\/wp\/v2\/product_tag?post=56940"}],"curies":[{"name":"wp","href":"https:\/\/api.w.org\/{rel}","templated":true}]}}