{"id":56954,"date":"2026-04-20T02:00:44","date_gmt":"2026-04-20T02:00:44","guid":{"rendered":""},"modified":"2026-04-20T02:00:44","modified_gmt":"2026-04-20T02:00:44","slug":"alveus-kombino-20-monarch-collection-340x400mm-rst-varvilised-alt-paigaldatav-koogivalamu","status":"publish","type":"product","link":"https:\/\/luxtehnikashop.ee\/et\/p\/alveus-kombino-20-monarch-collection-340x400mm-rst-varvilised-alt-paigaldatav-koogivalamu\/","title":{"rendered":"ALVEUS KOMBINO 20 Monarch Collection 340x400mm RST v\u00e4rvilised Alt paigaldatav K\u00f6\u00f6givalamu"},"content":{"rendered":"","protected":false},"excerpt":{"rendered":"<p>Tootesari:\u00a0Monarch Collection<\/p>\n<div>\n<p>Roostevaba teras\u00a0<br \/>Lihtne, elegantne ja sirge joontega vorm kiirgab v\u00e4\u00e4rikust ja elegantsi. \u00a0<br \/>V\u00e4rvus:\u00a0GOLD, COPPER, GRAPHITE, BRONZE<br \/>Paigaldus: Altpoolt monteeritav<br \/>Sirge t\u00f6\u00f6pinnale, Nurgakapile,<br \/>Aluskapp: 40cm,\u00a0<br \/>Valamu m\u00f5\u00f5dud: 380x440mm,\u00a0<br \/>Kausi m\u00f5\u00f5dud: 1 &#8211; 380X400X195mm\u00a0<br \/>Kausi raadius R-17mm<br \/>Pleki paksus 0,8mm<br \/>Kattega \u00fclevool<\/p>\n<\/div>\n","protected":false},"featured_media":56959,"template":"","meta":[],"product_cat":[62,524],"product_tag":[],"_links":{"self":[{"href":"https:\/\/luxtehnikashop.ee\/et\/wp-json\/wp\/v2\/product\/56954"}],"collection":[{"href":"https:\/\/luxtehnikashop.ee\/et\/wp-json\/wp\/v2\/product"}],"about":[{"href":"https:\/\/luxtehnikashop.ee\/et\/wp-json\/wp\/v2\/types\/product"}],"wp:featuredmedia":[{"embeddable":true,"href":"https:\/\/luxtehnikashop.ee\/et\/wp-json\/wp\/v2\/media\/56959"}],"wp:attachment":[{"href":"https:\/\/luxtehnikashop.ee\/et\/wp-json\/wp\/v2\/media?parent=56954"}],"wp:term":[{"taxonomy":"product_cat","embeddable":true,"href":"https:\/\/luxtehnikashop.ee\/et\/wp-json\/wp\/v2\/product_cat?post=56954"},{"taxonomy":"product_tag","embeddable":true,"href":"https:\/\/luxtehnikashop.ee\/et\/wp-json\/wp\/v2\/product_tag?post=56954"}],"curies":[{"name":"wp","href":"https:\/\/api.w.org\/{rel}","templated":true}]}}