{"id":56969,"date":"2026-04-21T02:00:44","date_gmt":"2026-04-21T02:00:44","guid":{"rendered":""},"modified":"2026-04-21T02:00:44","modified_gmt":"2026-04-21T02:00:44","slug":"aquasanita-rm-3545-rst-painduv-rullmatt","status":"publish","type":"product","link":"https:\/\/luxtehnikashop.ee\/et\/p\/aquasanita-rm-3545-rst-painduv-rullmatt\/","title":{"rendered":"AQUASANITA RM-3545 RST Painduv Rullmatt"},"content":{"rendered":"","protected":false},"excerpt":{"rendered":"<p>Rullmatt Painduv<br \/>Universaalne alus paigaldamiseks valamute (v\u00f5i t\u00f6\u00f6pindade) \u00fclemisele tasemele<br \/>Loob k\u00f6\u00f6givalamu l\u00e4hedale rohkem t\u00f6\u00f6ruumi<br \/>Rullmatt on suurep\u00e4rane abivahend n\u00f5ude pesemiseks ja toiduvalmistamiseks<br \/>Valmistatud kvaliteetsest roostevabast terasest<br \/>M\u00f5\u00f5dud: 450<span> \u0445 350\u043c\u043c<br \/><\/span>Sobivd valamutele s\u00fcgavusega 400mm<\/p>\n","protected":false},"featured_media":56970,"template":"","meta":[],"product_cat":[327,830],"product_tag":[],"_links":{"self":[{"href":"https:\/\/luxtehnikashop.ee\/et\/wp-json\/wp\/v2\/product\/56969"}],"collection":[{"href":"https:\/\/luxtehnikashop.ee\/et\/wp-json\/wp\/v2\/product"}],"about":[{"href":"https:\/\/luxtehnikashop.ee\/et\/wp-json\/wp\/v2\/types\/product"}],"wp:featuredmedia":[{"embeddable":true,"href":"https:\/\/luxtehnikashop.ee\/et\/wp-json\/wp\/v2\/media\/56970"}],"wp:attachment":[{"href":"https:\/\/luxtehnikashop.ee\/et\/wp-json\/wp\/v2\/media?parent=56969"}],"wp:term":[{"taxonomy":"product_cat","embeddable":true,"href":"https:\/\/luxtehnikashop.ee\/et\/wp-json\/wp\/v2\/product_cat?post=56969"},{"taxonomy":"product_tag","embeddable":true,"href":"https:\/\/luxtehnikashop.ee\/et\/wp-json\/wp\/v2\/product_tag?post=56969"}],"curies":[{"name":"wp","href":"https:\/\/api.w.org\/{rel}","templated":true}]}}