{"id":57251,"date":"2026-04-22T02:00:04","date_gmt":"2026-04-22T02:00:04","guid":{"rendered":""},"modified":"2026-04-22T02:00:04","modified_gmt":"2026-04-22T02:00:04","slug":"elleci-ego-480-pealt-paigaldatav-graniit-koogivalamu","status":"publish","type":"product","link":"https:\/\/luxtehnikashop.ee\/et\/p\/elleci-ego-480-pealt-paigaldatav-graniit-koogivalamu\/","title":{"rendered":"ELLECI EGO 480 Pealt paigaldatav Graniit K\u00f6\u00f6givalamu"},"content":{"rendered":"","protected":false},"excerpt":{"rendered":"<p>ELLECI K\u00f6\u00f6givalamu<br \/>GRANITEK, METALTEK<br \/>L\u00e4hedane looduslikule graniidile, kattega &#8220;PRO CLEAN&#8221; -antibakteriaal kaitsega<br \/>Aluskapp 60 cm<br \/>Saadaval 10v\u00e4rvitoonis<br \/>Valamu m\u00f5\u00f5dud: 1000 x 500mm<br \/>Kausi m\u00f5\u00f5dud: 1 &#8211; 480 x 430 x 215mm<\/p>\n","protected":false},"featured_media":7758,"template":"","meta":[],"product_cat":[62,170],"product_tag":[],"_links":{"self":[{"href":"https:\/\/luxtehnikashop.ee\/et\/wp-json\/wp\/v2\/product\/57251"}],"collection":[{"href":"https:\/\/luxtehnikashop.ee\/et\/wp-json\/wp\/v2\/product"}],"about":[{"href":"https:\/\/luxtehnikashop.ee\/et\/wp-json\/wp\/v2\/types\/product"}],"wp:featuredmedia":[{"embeddable":true,"href":"https:\/\/luxtehnikashop.ee\/et\/wp-json\/wp\/v2\/media\/7758"}],"wp:attachment":[{"href":"https:\/\/luxtehnikashop.ee\/et\/wp-json\/wp\/v2\/media?parent=57251"}],"wp:term":[{"taxonomy":"product_cat","embeddable":true,"href":"https:\/\/luxtehnikashop.ee\/et\/wp-json\/wp\/v2\/product_cat?post=57251"},{"taxonomy":"product_tag","embeddable":true,"href":"https:\/\/luxtehnikashop.ee\/et\/wp-json\/wp\/v2\/product_tag?post=57251"}],"curies":[{"name":"wp","href":"https:\/\/api.w.org\/{rel}","templated":true}]}}