{"id":57485,"date":"2026-04-21T02:00:43","date_gmt":"2026-04-21T02:00:43","guid":{"rendered":""},"modified":"2026-04-21T02:00:43","modified_gmt":"2026-04-21T02:00:43","slug":"elleci-quadra-350-u-graniit-koogivalamu","status":"publish","type":"product","link":"https:\/\/luxtehnikashop.ee\/et\/p\/elleci-quadra-350-u-graniit-koogivalamu\/","title":{"rendered":"ELLECI QUADRA 350 U Graniit K\u00f6\u00f6givalamu"},"content":{"rendered":"","protected":false},"excerpt":{"rendered":"<p>K\u00f6\u00f6givalamu<\/p>\n<p>T\u00f6\u00f6pinna alla paigaldatav<br \/>GRANITEK METALTEK, VITROTEK, Keratek<br \/>Aluskapp 80 cm<br \/>Saadaval 14 v\u00e4rvitoonis<br \/>Valamu m\u00f5\u00f5dud: 760 x 435mm<br \/>Kausi m\u00f5\u00f5dud: 343 x 395 x 210+<span>343 x 395 x 210mm<\/span><\/p>\n<div>\u00a0<\/div>\n","protected":false},"featured_media":57500,"template":"","meta":[],"product_cat":[62,170],"product_tag":[],"_links":{"self":[{"href":"https:\/\/luxtehnikashop.ee\/et\/wp-json\/wp\/v2\/product\/57485"}],"collection":[{"href":"https:\/\/luxtehnikashop.ee\/et\/wp-json\/wp\/v2\/product"}],"about":[{"href":"https:\/\/luxtehnikashop.ee\/et\/wp-json\/wp\/v2\/types\/product"}],"wp:featuredmedia":[{"embeddable":true,"href":"https:\/\/luxtehnikashop.ee\/et\/wp-json\/wp\/v2\/media\/57500"}],"wp:attachment":[{"href":"https:\/\/luxtehnikashop.ee\/et\/wp-json\/wp\/v2\/media?parent=57485"}],"wp:term":[{"taxonomy":"product_cat","embeddable":true,"href":"https:\/\/luxtehnikashop.ee\/et\/wp-json\/wp\/v2\/product_cat?post=57485"},{"taxonomy":"product_tag","embeddable":true,"href":"https:\/\/luxtehnikashop.ee\/et\/wp-json\/wp\/v2\/product_tag?post=57485"}],"curies":[{"name":"wp","href":"https:\/\/api.w.org\/{rel}","templated":true}]}}