{"id":57516,"date":"2026-04-23T02:00:41","date_gmt":"2026-04-23T02:00:41","guid":{"rendered":""},"modified":"2026-04-23T02:00:41","modified_gmt":"2026-04-23T02:00:41","slug":"elleci-quadra-130-u-80cm-alt-paigaldatav-graniit-koogivalamu","status":"publish","type":"product","link":"https:\/\/luxtehnikashop.ee\/et\/p\/elleci-quadra-130-u-80cm-alt-paigaldatav-graniit-koogivalamu\/","title":{"rendered":"ELLECI QUADRA 130-U 80cm Alt paigaldatav Graniit K\u00f6\u00f6givalamu"},"content":{"rendered":"","protected":false},"excerpt":{"rendered":"<p>K\u00f6\u00f6givalamu<br \/>T\u00f6\u00f6pinna alla paigaldatav<br \/><span>L\u00e4hedane looduslikule graniidile, kattega\u00a0<\/span>&#8220;PRO CLEAN&#8221; -antibakteriaal kaitsega<br \/>GRANITEK, METALTEK,KERATEK<br \/>Aluskapp 80 cm<br \/>Saadaval 14 v\u00e4rvitoonis<br \/>Valamu m\u00f5\u00f5dud: &#8211; QUADRA Standard &#8211; 760 x 440mm<\/p>\n","protected":false},"featured_media":57531,"template":"","meta":[],"product_cat":[62,170],"product_tag":[],"_links":{"self":[{"href":"https:\/\/luxtehnikashop.ee\/et\/wp-json\/wp\/v2\/product\/57516"}],"collection":[{"href":"https:\/\/luxtehnikashop.ee\/et\/wp-json\/wp\/v2\/product"}],"about":[{"href":"https:\/\/luxtehnikashop.ee\/et\/wp-json\/wp\/v2\/types\/product"}],"wp:featuredmedia":[{"embeddable":true,"href":"https:\/\/luxtehnikashop.ee\/et\/wp-json\/wp\/v2\/media\/57531"}],"wp:attachment":[{"href":"https:\/\/luxtehnikashop.ee\/et\/wp-json\/wp\/v2\/media?parent=57516"}],"wp:term":[{"taxonomy":"product_cat","embeddable":true,"href":"https:\/\/luxtehnikashop.ee\/et\/wp-json\/wp\/v2\/product_cat?post=57516"},{"taxonomy":"product_tag","embeddable":true,"href":"https:\/\/luxtehnikashop.ee\/et\/wp-json\/wp\/v2\/product_tag?post=57516"}],"curies":[{"name":"wp","href":"https:\/\/api.w.org\/{rel}","templated":true}]}}